{"id":7548,"date":"2019-04-05T08:46:40","date_gmt":"2019-04-05T09:00:31","guid":{"rendered":"https:\/\/homefitness.be\/product\/serie-halteres-de-1-a-10-kg-chrome-avec-support\/"},"modified":"2023-07-08T05:39:39","modified_gmt":"2023-07-08T05:39:39","slug":"serie-halteres-1-a-10-kg-chrome-avec-support-x","status":"publish","type":"product","link":"https:\/\/homefitness.be\/fr\/serie-halteres-1-a-10-kg-chrome-avec-support-x\/","title":{"rendered":"S\u00e9rie Halt\u00e8res 1-10 Kg Chrome avec Support."},"content":{"rendered":"<p>Set Halt\u00e8res de 1 Kg \u00e0 10 Kg fournis avec support de rangement pratique en forme de X.<\/p>\n<p>10 paires halt\u00e8res chrom\u00e9s avec des protection int\u00e9gr\u00e9es.<\/p>\n<p>Les poids: 1-2-3-4-5-6-7-8-9-10 Kg 10 Paire<\/p>\n","protected":false},"excerpt":{"rendered":"<p>Des halt\u00e8res chrom\u00e9s fixes s\u00e9rie de 1 kg \u00e0 10 kg livr\u00e9s avec un support de pratique. 10 paires halt\u00e8res chrom\u00e9s avec des protection int\u00e9gr\u00e9es.<\/p>\n","protected":false},"featured_media":24307,"comment_status":"closed","ping_status":"closed","template":"","meta":{"_acf_changed":false,"ocean_post_layout":"","ocean_both_sidebars_style":"","ocean_both_sidebars_content_width":0,"ocean_both_sidebars_sidebars_width":0,"ocean_sidebar":"0","ocean_second_sidebar":"0","ocean_disable_margins":"enable","ocean_add_body_class":"","ocean_shortcode_before_top_bar":"","ocean_shortcode_after_top_bar":"","ocean_shortcode_before_header":"","ocean_shortcode_after_header":"","ocean_has_shortcode":"","ocean_shortcode_after_title":"","ocean_shortcode_before_footer_widgets":"","ocean_shortcode_after_footer_widgets":"","ocean_shortcode_before_footer_bottom":"","ocean_shortcode_after_footer_bottom":"","ocean_display_top_bar":"default","ocean_display_header":"default","ocean_header_style":"","ocean_center_header_left_menu":"0","ocean_custom_header_template":"0","ocean_custom_logo":0,"ocean_custom_retina_logo":0,"ocean_custom_logo_max_width":0,"ocean_custom_logo_tablet_max_width":0,"ocean_custom_logo_mobile_max_width":0,"ocean_custom_logo_max_height":0,"ocean_custom_logo_tablet_max_height":0,"ocean_custom_logo_mobile_max_height":0,"ocean_header_custom_menu":"0","ocean_menu_typo_font_family":"0","ocean_menu_typo_font_subset":"","ocean_menu_typo_font_size":0,"ocean_menu_typo_font_size_tablet":0,"ocean_menu_typo_font_size_mobile":0,"ocean_menu_typo_font_size_unit":"px","ocean_menu_typo_font_weight":"","ocean_menu_typo_font_weight_tablet":"","ocean_menu_typo_font_weight_mobile":"","ocean_menu_typo_transform":"","ocean_menu_typo_transform_tablet":"","ocean_menu_typo_transform_mobile":"","ocean_menu_typo_line_height":0,"ocean_menu_typo_line_height_tablet":0,"ocean_menu_typo_line_height_mobile":0,"ocean_menu_typo_line_height_unit":"","ocean_menu_typo_spacing":0,"ocean_menu_typo_spacing_tablet":0,"ocean_menu_typo_spacing_mobile":0,"ocean_menu_typo_spacing_unit":"","ocean_menu_link_color":"","ocean_menu_link_color_hover":"","ocean_menu_link_color_active":"","ocean_menu_link_background":"","ocean_menu_link_hover_background":"","ocean_menu_link_active_background":"","ocean_menu_social_links_bg":"","ocean_menu_social_hover_links_bg":"","ocean_menu_social_links_color":"","ocean_menu_social_hover_links_color":"","ocean_disable_title":"default","ocean_disable_heading":"default","ocean_post_title":"","ocean_post_subheading":"","ocean_post_title_style":"","ocean_post_title_background_color":"","ocean_post_title_background":0,"ocean_post_title_bg_image_position":"","ocean_post_title_bg_image_attachment":"","ocean_post_title_bg_image_repeat":"","ocean_post_title_bg_image_size":"","ocean_post_title_height":0,"ocean_post_title_bg_overlay":0.5,"ocean_post_title_bg_overlay_color":"","ocean_disable_breadcrumbs":"default","ocean_breadcrumbs_color":"","ocean_breadcrumbs_separator_color":"","ocean_breadcrumbs_links_color":"","ocean_breadcrumbs_links_hover_color":"","ocean_display_footer_widgets":"default","ocean_display_footer_bottom":"default","ocean_custom_footer_template":"0"},"product_brand":[],"product_cat":[1412],"product_tag":[2687,1641,2688,5621],"class_list":{"0":"post-7548","1":"product","2":"type-product","3":"status-publish","4":"has-post-thumbnail","6":"product_cat-poids-musculation","7":"product_tag-haltere-fr-2","8":"product_tag-haltere-fitness","9":"product_tag-haltere-pu","10":"product_tag-serie-dhalteres","11":"product_shipping_class-crossfit","13":"entry","14":"has-media","16":"first","17":"instock","18":"taxable","19":"shipping-taxable","20":"purchasable","21":"product-type-simple","22":"has-product-nav","23":"col","24":"span_1_of_3","25":"owp-content-center","26":"owp-thumbs-layout-horizontal","27":"owp-btn-normal","28":"owp-tabs-layout-horizontal"},"acf":[],"yoast_head":"<!-- This site is optimized with the Yoast SEO Premium plugin v27.2 (Yoast SEO v27.2) - https:\/\/yoast.com\/product\/yoast-seo-premium-wordpress\/ -->\n<title>Acheter des halt\u00e8res chrom\u00e9es? - Halt\u00e8res en Chrome - Homefitness VPS<\/title>\n<meta name=\"description\" content=\"S\u00e9rie d\u2019halt\u00e8res chrom\u00e9es de 1 Kg \u00e0 10 Kg fournis avec rack de rangement pratique en forme de X. Les halt\u00e8res sont \u00e9quip\u00e9s d\u2019une protection en caoutchouc.\" \/>\n<meta name=\"robots\" content=\"index, follow, max-snippet:-1, max-image-preview:large, max-video-preview:-1\" \/>\n<link rel=\"canonical\" href=\"https:\/\/homefitness.be\/fr\/serie-halteres-1-a-10-kg-chrome-avec-support-x\/\" \/>\n<meta property=\"og:locale\" content=\"fr_FR\" \/>\n<meta property=\"og:type\" content=\"article\" \/>\n<meta property=\"og:title\" content=\"S\u00e9rie Halt\u00e8res 1-10 Kg Chrome avec Support.\" \/>\n<meta property=\"og:description\" content=\"S\u00e9rie d\u2019halt\u00e8res chrom\u00e9es de 1 Kg \u00e0 10 Kg fournis avec rack de rangement pratique en forme de X. Les halt\u00e8res sont \u00e9quip\u00e9s d\u2019une protection en caoutchouc.\" \/>\n<meta property=\"og:url\" content=\"https:\/\/homefitness.be\/fr\/serie-halteres-1-a-10-kg-chrome-avec-support-x\/\" \/>\n<meta property=\"og:site_name\" content=\"VPS Fitness\" \/>\n<meta property=\"article:publisher\" content=\"https:\/\/www.facebook.com\/vpsfitness\" \/>\n<meta property=\"article:modified_time\" content=\"2023-07-08T05:39:39+00:00\" \/>\n<meta property=\"og:image\" content=\"https:\/\/homefitness.be\/wp-content\/uploads\/2021\/12\/x-halter-chroom.webp\" \/>\n\t<meta property=\"og:image:width\" content=\"2081\" \/>\n\t<meta property=\"og:image:height\" content=\"2100\" \/>\n\t<meta property=\"og:image:type\" content=\"image\/webp\" \/>\n<meta name=\"twitter:card\" content=\"summary_large_image\" \/>\n<meta name=\"twitter:site\" content=\"@vpsfitness\" \/>\n<meta name=\"twitter:label1\" content=\"Prix\" \/>\n\t<meta name=\"twitter:data1\" content=\"&euro;985,00 Incl BTW\" \/>\n\t<meta name=\"twitter:label2\" content=\"Disponibilit\u00e9\" \/>\n\t<meta name=\"twitter:data2\" content=\"En stock\" \/>\n<script type=\"application\/ld+json\" class=\"yoast-schema-graph\">{\"@context\":\"https:\/\/schema.org\",\"@graph\":[{\"@type\":\"WebPage\",\"@id\":\"https:\/\/homefitness.be\/fr\/serie-halteres-1-a-10-kg-chrome-avec-support-x\/\",\"url\":\"https:\/\/homefitness.be\/fr\/serie-halteres-1-a-10-kg-chrome-avec-support-x\/\",\"name\":\"Acheter des halt\u00e8res chrom\u00e9es? - Halt\u00e8res en Chrome - Homefitness VPS\",\"isPartOf\":{\"@id\":\"https:\/\/homefitness.be\/fr\/#website\"},\"primaryImageOfPage\":{\"@id\":\"https:\/\/homefitness.be\/fr\/serie-halteres-1-a-10-kg-chrome-avec-support-x\/#primaryimage\"},\"image\":{\"@id\":\"https:\/\/homefitness.be\/fr\/serie-halteres-1-a-10-kg-chrome-avec-support-x\/#primaryimage\"},\"thumbnailUrl\":\"https:\/\/homefitness.be\/wp-content\/uploads\/2021\/12\/x-halter-chroom.webp\",\"datePublished\":\"2019-04-05T09:00:31+00:00\",\"dateModified\":\"2023-07-08T05:39:39+00:00\",\"description\":\"S\u00e9rie d\u2019halt\u00e8res chrom\u00e9es de 1 Kg \u00e0 10 Kg fournis avec rack de rangement pratique en forme de X. Les halt\u00e8res sont \u00e9quip\u00e9s d\u2019une protection en caoutchouc.\",\"breadcrumb\":{\"@id\":\"https:\/\/homefitness.be\/fr\/serie-halteres-1-a-10-kg-chrome-avec-support-x\/#breadcrumb\"},\"inLanguage\":\"fr-FR\",\"potentialAction\":[{\"@type\":\"ReadAction\",\"target\":[\"https:\/\/homefitness.be\/fr\/serie-halteres-1-a-10-kg-chrome-avec-support-x\/\"]}]},{\"@type\":\"ImageObject\",\"inLanguage\":\"fr-FR\",\"@id\":\"https:\/\/homefitness.be\/fr\/serie-halteres-1-a-10-kg-chrome-avec-support-x\/#primaryimage\",\"url\":\"https:\/\/homefitness.be\/wp-content\/uploads\/2021\/12\/x-halter-chroom.webp\",\"contentUrl\":\"https:\/\/homefitness.be\/wp-content\/uploads\/2021\/12\/x-halter-chroom.webp\",\"width\":2081,\"height\":2100,\"caption\":\"Rack de rangement avec une s\u00e9rie d\u2019halt\u00e8res chrom\u00e9s de 1 \u00e0 10 kg\"},{\"@type\":\"BreadcrumbList\",\"@id\":\"https:\/\/homefitness.be\/fr\/serie-halteres-1-a-10-kg-chrome-avec-support-x\/#breadcrumb\",\"itemListElement\":[{\"@type\":\"ListItem\",\"position\":1,\"name\":\"Home\",\"item\":\"https:\/\/homefitness.be\/fr\/\"},{\"@type\":\"ListItem\",\"position\":2,\"name\":\"Magasin de Fitness\",\"item\":\"https:\/\/homefitness.be\/fr\/boutique\/\"},{\"@type\":\"ListItem\",\"position\":3,\"name\":\"S\u00e9rie Halt\u00e8res 1-10 Kg Chrome avec Support.\"}]},{\"@type\":\"WebSite\",\"@id\":\"https:\/\/homefitness.be\/fr\/#website\",\"url\":\"https:\/\/homefitness.be\/fr\/\",\"name\":\"VPS Fitness\",\"description\":\"Fitnessmateriaal en Toebehoren\",\"publisher\":{\"@id\":\"https:\/\/homefitness.be\/fr\/#organization\"},\"potentialAction\":[{\"@type\":\"SearchAction\",\"target\":{\"@type\":\"EntryPoint\",\"urlTemplate\":\"https:\/\/homefitness.be\/fr\/?s={search_term_string}\"},\"query-input\":{\"@type\":\"PropertyValueSpecification\",\"valueRequired\":true,\"valueName\":\"search_term_string\"}}],\"inLanguage\":\"fr-FR\"},{\"@type\":\"Organization\",\"@id\":\"https:\/\/homefitness.be\/fr\/#organization\",\"name\":\"VPS INTERNATIONAL NV\",\"url\":\"https:\/\/homefitness.be\/fr\/\",\"logo\":{\"@type\":\"ImageObject\",\"inLanguage\":\"fr-FR\",\"@id\":\"https:\/\/homefitness.be\/fr\/#\/schema\/logo\/image\/\",\"url\":\"https:\/\/homefitness.be\/wp-content\/uploads\/2024\/06\/VPS_logo2.jpg\",\"contentUrl\":\"https:\/\/homefitness.be\/wp-content\/uploads\/2024\/06\/VPS_logo2.jpg\",\"width\":1801,\"height\":1801,\"caption\":\"VPS INTERNATIONAL NV\"},\"image\":{\"@id\":\"https:\/\/homefitness.be\/fr\/#\/schema\/logo\/image\/\"},\"sameAs\":[\"https:\/\/www.facebook.com\/vpsfitness\",\"https:\/\/x.com\/vpsfitness\",\"https:\/\/www.instagram.com\/homefitnessvps\/\",\"https:\/\/www.linkedin.com\/in\/vpsfitness\",\"https:\/\/www.youtube.com\/user\/frankvps\"],\"description\":\"VPS is een invoerder en verdeler van fitnessmateriaal en gevechtsportmateriaal. Wij verkopen zowel aan de professionele markt als aan de particulier. Wij zijn sinds 1983 actief in deze branche. VPS Fitness werd in 2017 officieel Gebrevetteerd Hofleverancier van Belgi\u00eb.\",\"email\":\"info@vps.be\",\"telephone\":\"+3252371162\",\"legalName\":\"V.P.S. INTERNATIONAL NV\",\"vatID\":\"BE0434827046\"}]}<\/script>\n<meta property=\"product:price:amount\" content=\"985.00\" \/>\n<meta property=\"product:price:currency\" content=\"EUR\" \/>\n<meta property=\"og:availability\" content=\"instock\" \/>\n<meta property=\"product:availability\" content=\"instock\" \/>\n<meta property=\"product:retailer_item_id\" content=\"MONO-X-CHROOM\" \/>\n<meta property=\"product:condition\" content=\"new\" \/>\n<!-- \/ Yoast SEO Premium plugin. -->","yoast_head_json":{"title":"Acheter des halt\u00e8res chrom\u00e9es? - Halt\u00e8res en Chrome - Homefitness VPS","description":"S\u00e9rie d\u2019halt\u00e8res chrom\u00e9es de 1 Kg \u00e0 10 Kg fournis avec rack de rangement pratique en forme de X. Les halt\u00e8res sont \u00e9quip\u00e9s d\u2019une protection en caoutchouc.","robots":{"index":"index","follow":"follow","max-snippet":"max-snippet:-1","max-image-preview":"max-image-preview:large","max-video-preview":"max-video-preview:-1"},"canonical":"https:\/\/homefitness.be\/fr\/serie-halteres-1-a-10-kg-chrome-avec-support-x\/","og_locale":"fr_FR","og_type":"article","og_title":"S\u00e9rie Halt\u00e8res 1-10 Kg Chrome avec Support.","og_description":"S\u00e9rie d\u2019halt\u00e8res chrom\u00e9es de 1 Kg \u00e0 10 Kg fournis avec rack de rangement pratique en forme de X. Les halt\u00e8res sont \u00e9quip\u00e9s d\u2019une protection en caoutchouc.","og_url":"https:\/\/homefitness.be\/fr\/serie-halteres-1-a-10-kg-chrome-avec-support-x\/","og_site_name":"VPS Fitness","article_publisher":"https:\/\/www.facebook.com\/vpsfitness","article_modified_time":"2023-07-08T05:39:39+00:00","og_image":[{"width":2081,"height":2100,"url":"https:\/\/homefitness.be\/wp-content\/uploads\/2021\/12\/x-halter-chroom.webp","type":"image\/webp"}],"twitter_card":"summary_large_image","twitter_site":"@vpsfitness","twitter_misc":{"Prix":"&euro;985,00 Incl BTW","Disponibilit\u00e9":"En stock"},"schema":{"@context":"https:\/\/schema.org","@graph":[{"@type":"WebPage","@id":"https:\/\/homefitness.be\/fr\/serie-halteres-1-a-10-kg-chrome-avec-support-x\/","url":"https:\/\/homefitness.be\/fr\/serie-halteres-1-a-10-kg-chrome-avec-support-x\/","name":"Acheter des halt\u00e8res chrom\u00e9es? - Halt\u00e8res en Chrome - Homefitness VPS","isPartOf":{"@id":"https:\/\/homefitness.be\/fr\/#website"},"primaryImageOfPage":{"@id":"https:\/\/homefitness.be\/fr\/serie-halteres-1-a-10-kg-chrome-avec-support-x\/#primaryimage"},"image":{"@id":"https:\/\/homefitness.be\/fr\/serie-halteres-1-a-10-kg-chrome-avec-support-x\/#primaryimage"},"thumbnailUrl":"https:\/\/homefitness.be\/wp-content\/uploads\/2021\/12\/x-halter-chroom.webp","datePublished":"2019-04-05T09:00:31+00:00","dateModified":"2023-07-08T05:39:39+00:00","description":"S\u00e9rie d\u2019halt\u00e8res chrom\u00e9es de 1 Kg \u00e0 10 Kg fournis avec rack de rangement pratique en forme de X. Les halt\u00e8res sont \u00e9quip\u00e9s d\u2019une protection en caoutchouc.","breadcrumb":{"@id":"https:\/\/homefitness.be\/fr\/serie-halteres-1-a-10-kg-chrome-avec-support-x\/#breadcrumb"},"inLanguage":"fr-FR","potentialAction":[{"@type":"ReadAction","target":["https:\/\/homefitness.be\/fr\/serie-halteres-1-a-10-kg-chrome-avec-support-x\/"]}]},{"@type":"ImageObject","inLanguage":"fr-FR","@id":"https:\/\/homefitness.be\/fr\/serie-halteres-1-a-10-kg-chrome-avec-support-x\/#primaryimage","url":"https:\/\/homefitness.be\/wp-content\/uploads\/2021\/12\/x-halter-chroom.webp","contentUrl":"https:\/\/homefitness.be\/wp-content\/uploads\/2021\/12\/x-halter-chroom.webp","width":2081,"height":2100,"caption":"Rack de rangement avec une s\u00e9rie d\u2019halt\u00e8res chrom\u00e9s de 1 \u00e0 10 kg"},{"@type":"BreadcrumbList","@id":"https:\/\/homefitness.be\/fr\/serie-halteres-1-a-10-kg-chrome-avec-support-x\/#breadcrumb","itemListElement":[{"@type":"ListItem","position":1,"name":"Home","item":"https:\/\/homefitness.be\/fr\/"},{"@type":"ListItem","position":2,"name":"Magasin de Fitness","item":"https:\/\/homefitness.be\/fr\/boutique\/"},{"@type":"ListItem","position":3,"name":"S\u00e9rie Halt\u00e8res 1-10 Kg Chrome avec Support."}]},{"@type":"WebSite","@id":"https:\/\/homefitness.be\/fr\/#website","url":"https:\/\/homefitness.be\/fr\/","name":"VPS Fitness","description":"Fitnessmateriaal en Toebehoren","publisher":{"@id":"https:\/\/homefitness.be\/fr\/#organization"},"potentialAction":[{"@type":"SearchAction","target":{"@type":"EntryPoint","urlTemplate":"https:\/\/homefitness.be\/fr\/?s={search_term_string}"},"query-input":{"@type":"PropertyValueSpecification","valueRequired":true,"valueName":"search_term_string"}}],"inLanguage":"fr-FR"},{"@type":"Organization","@id":"https:\/\/homefitness.be\/fr\/#organization","name":"VPS INTERNATIONAL NV","url":"https:\/\/homefitness.be\/fr\/","logo":{"@type":"ImageObject","inLanguage":"fr-FR","@id":"https:\/\/homefitness.be\/fr\/#\/schema\/logo\/image\/","url":"https:\/\/homefitness.be\/wp-content\/uploads\/2024\/06\/VPS_logo2.jpg","contentUrl":"https:\/\/homefitness.be\/wp-content\/uploads\/2024\/06\/VPS_logo2.jpg","width":1801,"height":1801,"caption":"VPS INTERNATIONAL NV"},"image":{"@id":"https:\/\/homefitness.be\/fr\/#\/schema\/logo\/image\/"},"sameAs":["https:\/\/www.facebook.com\/vpsfitness","https:\/\/x.com\/vpsfitness","https:\/\/www.instagram.com\/homefitnessvps\/","https:\/\/www.linkedin.com\/in\/vpsfitness","https:\/\/www.youtube.com\/user\/frankvps"],"description":"VPS is een invoerder en verdeler van fitnessmateriaal en gevechtsportmateriaal. Wij verkopen zowel aan de professionele markt als aan de particulier. Wij zijn sinds 1983 actief in deze branche. VPS Fitness werd in 2017 officieel Gebrevetteerd Hofleverancier van Belgi\u00eb.","email":"info@vps.be","telephone":"+3252371162","legalName":"V.P.S. INTERNATIONAL NV","vatID":"BE0434827046"}]},"product_price_amount":"985.00","product_price_currency":"EUR","og_availability":"instock","product_availability":"instock","product_retailer_item_id":"MONO-X-CHROOM","product_condition":"new"},"_links":{"self":[{"href":"https:\/\/homefitness.be\/fr\/wp-json\/wp\/v2\/product\/7548","targetHints":{"allow":["GET"]}}],"collection":[{"href":"https:\/\/homefitness.be\/fr\/wp-json\/wp\/v2\/product"}],"about":[{"href":"https:\/\/homefitness.be\/fr\/wp-json\/wp\/v2\/types\/product"}],"replies":[{"embeddable":true,"href":"https:\/\/homefitness.be\/fr\/wp-json\/wp\/v2\/comments?post=7548"}],"version-history":[{"count":0,"href":"https:\/\/homefitness.be\/fr\/wp-json\/wp\/v2\/product\/7548\/revisions"}],"wp:featuredmedia":[{"embeddable":true,"href":"https:\/\/homefitness.be\/fr\/wp-json\/wp\/v2\/media\/24307"}],"wp:attachment":[{"href":"https:\/\/homefitness.be\/fr\/wp-json\/wp\/v2\/media?parent=7548"}],"wp:term":[{"taxonomy":"product_brand","embeddable":true,"href":"https:\/\/homefitness.be\/fr\/wp-json\/wp\/v2\/product_brand?post=7548"},{"taxonomy":"product_cat","embeddable":true,"href":"https:\/\/homefitness.be\/fr\/wp-json\/wp\/v2\/product_cat?post=7548"},{"taxonomy":"product_tag","embeddable":true,"href":"https:\/\/homefitness.be\/fr\/wp-json\/wp\/v2\/product_tag?post=7548"}],"curies":[{"name":"wp","href":"https:\/\/api.w.org\/{rel}","templated":true}]}}