{"id":4754,"date":"2019-02-06T07:19:39","date_gmt":"2019-03-12T13:42:10","guid":{"rendered":"https:\/\/homefitness.be\/product\/ensemble-de-cone-cross-fit\/"},"modified":"2022-01-25T16:32:16","modified_gmt":"2022-01-25T16:32:16","slug":"cone-set-crossfit","status":"publish","type":"product","link":"https:\/\/homefitness.be\/fr\/cone-set-crossfit\/","title":{"rendered":"Kit de c\u00f4nes Crossfit"},"content":{"rendered":"<p>C\u00f4nes ou aussi appel\u00e9s C\u00f4nes. Kit de 4 pi\u00e8ces.<\/p>\n<p>Hauteur 39 cm<\/p>\n<p>Couleur verte.<\/p>\n<p>Fabriqu\u00e9 en PE.<\/p>\n<p>Disponible en 2 tailles.<\/p>\n","protected":false},"excerpt":{"rendered":"<p>C\u00f4nes. 4 pi\u00e8ces. Couleur verte. Fabriqu\u00e9 en PE.<\/p>\n","protected":false},"featured_media":3436,"comment_status":"open","ping_status":"closed","template":"","meta":{"_acf_changed":false,"ocean_post_layout":"","ocean_both_sidebars_style":"","ocean_both_sidebars_content_width":0,"ocean_both_sidebars_sidebars_width":0,"ocean_sidebar":"0","ocean_second_sidebar":"0","ocean_disable_margins":"enable","ocean_add_body_class":"","ocean_shortcode_before_top_bar":"","ocean_shortcode_after_top_bar":"","ocean_shortcode_before_header":"","ocean_shortcode_after_header":"","ocean_has_shortcode":"","ocean_shortcode_after_title":"","ocean_shortcode_before_footer_widgets":"","ocean_shortcode_after_footer_widgets":"","ocean_shortcode_before_footer_bottom":"","ocean_shortcode_after_footer_bottom":"","ocean_display_top_bar":"default","ocean_display_header":"default","ocean_header_style":"","ocean_center_header_left_menu":"0","ocean_custom_header_template":"0","ocean_custom_logo":0,"ocean_custom_retina_logo":0,"ocean_custom_logo_max_width":0,"ocean_custom_logo_tablet_max_width":0,"ocean_custom_logo_mobile_max_width":0,"ocean_custom_logo_max_height":0,"ocean_custom_logo_tablet_max_height":0,"ocean_custom_logo_mobile_max_height":0,"ocean_header_custom_menu":"0","ocean_menu_typo_font_family":"0","ocean_menu_typo_font_subset":"","ocean_menu_typo_font_size":0,"ocean_menu_typo_font_size_tablet":0,"ocean_menu_typo_font_size_mobile":0,"ocean_menu_typo_font_size_unit":"px","ocean_menu_typo_font_weight":"","ocean_menu_typo_font_weight_tablet":"","ocean_menu_typo_font_weight_mobile":"","ocean_menu_typo_transform":"","ocean_menu_typo_transform_tablet":"","ocean_menu_typo_transform_mobile":"","ocean_menu_typo_line_height":0,"ocean_menu_typo_line_height_tablet":0,"ocean_menu_typo_line_height_mobile":0,"ocean_menu_typo_line_height_unit":"","ocean_menu_typo_spacing":0,"ocean_menu_typo_spacing_tablet":0,"ocean_menu_typo_spacing_mobile":0,"ocean_menu_typo_spacing_unit":"","ocean_menu_link_color":"","ocean_menu_link_color_hover":"","ocean_menu_link_color_active":"","ocean_menu_link_background":"","ocean_menu_link_hover_background":"","ocean_menu_link_active_background":"","ocean_menu_social_links_bg":"","ocean_menu_social_hover_links_bg":"","ocean_menu_social_links_color":"","ocean_menu_social_hover_links_color":"","ocean_disable_title":"default","ocean_disable_heading":"default","ocean_post_title":"","ocean_post_subheading":"","ocean_post_title_style":"","ocean_post_title_background_color":"","ocean_post_title_background":0,"ocean_post_title_bg_image_position":"","ocean_post_title_bg_image_attachment":"","ocean_post_title_bg_image_repeat":"","ocean_post_title_bg_image_size":"","ocean_post_title_height":0,"ocean_post_title_bg_overlay":0.5,"ocean_post_title_bg_overlay_color":"","ocean_disable_breadcrumbs":"default","ocean_breadcrumbs_color":"","ocean_breadcrumbs_separator_color":"","ocean_breadcrumbs_links_color":"","ocean_breadcrumbs_links_hover_color":"","ocean_display_footer_widgets":"default","ocean_display_footer_bottom":"default","ocean_custom_footer_template":"0"},"product_brand":[],"product_cat":[1345],"product_tag":[1754,1346,1023,1753],"class_list":{"0":"post-4754","1":"product","2":"type-product","3":"status-publish","4":"has-post-thumbnail","6":"product_cat-crossfit","7":"product_tag-cones-fr","8":"product_tag-crossfit-fr","9":"product_tag-fitness-fr","10":"product_tag-formation-de-football","12":"entry","13":"has-media","15":"first","16":"instock","17":"taxable","18":"shipping-taxable","19":"purchasable","20":"product-type-simple","21":"has-product-nav","22":"col","23":"span_1_of_3","24":"owp-content-center","25":"owp-thumbs-layout-horizontal","26":"owp-btn-normal","27":"owp-tabs-layout-horizontal","28":"has-no-thumbnails"},"acf":[],"yoast_head":"<!-- This site is optimized with the Yoast SEO Premium plugin v27.2 (Yoast SEO v27.2) - https:\/\/yoast.com\/product\/yoast-seo-premium-wordpress\/ -->\n<title>Acheter des c\u00f4nes? - VPS Fitness<\/title>\n<meta name=\"description\" content=\"C\u00f4nes. Kit de 4 pi\u00e8ces. Disponible en 2 hauteurs. Couleur verte.\" \/>\n<meta name=\"robots\" content=\"index, follow, max-snippet:-1, max-image-preview:large, max-video-preview:-1\" \/>\n<link rel=\"canonical\" href=\"https:\/\/homefitness.be\/fr\/cone-set-crossfit\/\" \/>\n<meta property=\"og:locale\" content=\"fr_FR\" \/>\n<meta property=\"og:type\" content=\"article\" \/>\n<meta property=\"og:title\" content=\"Kit de c\u00f4nes Crossfit\" \/>\n<meta property=\"og:description\" content=\"C\u00f4nes. Kit de 4 pi\u00e8ces. Disponible en 2 hauteurs. Couleur verte.\" \/>\n<meta property=\"og:url\" content=\"https:\/\/homefitness.be\/fr\/cone-set-crossfit\/\" \/>\n<meta property=\"og:site_name\" content=\"VPS Fitness\" \/>\n<meta property=\"article:publisher\" content=\"https:\/\/www.facebook.com\/vpsfitness\" \/>\n<meta property=\"article:modified_time\" content=\"2022-01-25T16:32:16+00:00\" \/>\n<meta property=\"og:image\" content=\"https:\/\/homefitness.be\/wp-content\/uploads\/2019\/01\/cone-1.jpg\" \/>\n\t<meta property=\"og:image:width\" content=\"495\" \/>\n\t<meta property=\"og:image:height\" content=\"500\" \/>\n\t<meta property=\"og:image:type\" content=\"image\/jpeg\" \/>\n<meta name=\"twitter:card\" content=\"summary_large_image\" \/>\n<meta name=\"twitter:site\" content=\"@vpsfitness\" \/>\n<meta name=\"twitter:label1\" content=\"Prix\" \/>\n\t<meta name=\"twitter:data1\" content=\"&euro;10,00 Incl BTW\" \/>\n\t<meta name=\"twitter:label2\" content=\"Disponibilit\u00e9\" \/>\n\t<meta name=\"twitter:data2\" content=\"En stock\" \/>\n<script type=\"application\/ld+json\" class=\"yoast-schema-graph\">{\"@context\":\"https:\/\/schema.org\",\"@graph\":[{\"@type\":\"WebPage\",\"@id\":\"https:\/\/homefitness.be\/fr\/cone-set-crossfit\/\",\"url\":\"https:\/\/homefitness.be\/fr\/cone-set-crossfit\/\",\"name\":\"Acheter des c\u00f4nes? - VPS Fitness\",\"isPartOf\":{\"@id\":\"https:\/\/homefitness.be\/fr\/#website\"},\"primaryImageOfPage\":{\"@id\":\"https:\/\/homefitness.be\/fr\/cone-set-crossfit\/#primaryimage\"},\"image\":{\"@id\":\"https:\/\/homefitness.be\/fr\/cone-set-crossfit\/#primaryimage\"},\"thumbnailUrl\":\"https:\/\/homefitness.be\/wp-content\/uploads\/2019\/01\/cone-1.jpg\",\"datePublished\":\"2019-03-12T13:42:10+00:00\",\"dateModified\":\"2022-01-25T16:32:16+00:00\",\"description\":\"C\u00f4nes. Kit de 4 pi\u00e8ces. Disponible en 2 hauteurs. Couleur verte.\",\"breadcrumb\":{\"@id\":\"https:\/\/homefitness.be\/fr\/cone-set-crossfit\/#breadcrumb\"},\"inLanguage\":\"fr-FR\",\"potentialAction\":[{\"@type\":\"ReadAction\",\"target\":[\"https:\/\/homefitness.be\/fr\/cone-set-crossfit\/\"]}]},{\"@type\":\"ImageObject\",\"inLanguage\":\"fr-FR\",\"@id\":\"https:\/\/homefitness.be\/fr\/cone-set-crossfit\/#primaryimage\",\"url\":\"https:\/\/homefitness.be\/wp-content\/uploads\/2019\/01\/cone-1.jpg\",\"contentUrl\":\"https:\/\/homefitness.be\/wp-content\/uploads\/2019\/01\/cone-1.jpg\",\"width\":495,\"height\":500,\"caption\":\"C\u00f4nes ou ensemble de c\u00f4nes pour le crossfit\"},{\"@type\":\"BreadcrumbList\",\"@id\":\"https:\/\/homefitness.be\/fr\/cone-set-crossfit\/#breadcrumb\",\"itemListElement\":[{\"@type\":\"ListItem\",\"position\":1,\"name\":\"Home\",\"item\":\"https:\/\/homefitness.be\/fr\/\"},{\"@type\":\"ListItem\",\"position\":2,\"name\":\"Magasin de Fitness\",\"item\":\"https:\/\/homefitness.be\/fr\/boutique\/\"},{\"@type\":\"ListItem\",\"position\":3,\"name\":\"Kit de c\u00f4nes Crossfit\"}]},{\"@type\":\"WebSite\",\"@id\":\"https:\/\/homefitness.be\/fr\/#website\",\"url\":\"https:\/\/homefitness.be\/fr\/\",\"name\":\"VPS Fitness\",\"description\":\"Fitnessmateriaal en Toebehoren\",\"publisher\":{\"@id\":\"https:\/\/homefitness.be\/fr\/#organization\"},\"potentialAction\":[{\"@type\":\"SearchAction\",\"target\":{\"@type\":\"EntryPoint\",\"urlTemplate\":\"https:\/\/homefitness.be\/fr\/?s={search_term_string}\"},\"query-input\":{\"@type\":\"PropertyValueSpecification\",\"valueRequired\":true,\"valueName\":\"search_term_string\"}}],\"inLanguage\":\"fr-FR\"},{\"@type\":\"Organization\",\"@id\":\"https:\/\/homefitness.be\/fr\/#organization\",\"name\":\"VPS INTERNATIONAL NV\",\"url\":\"https:\/\/homefitness.be\/fr\/\",\"logo\":{\"@type\":\"ImageObject\",\"inLanguage\":\"fr-FR\",\"@id\":\"https:\/\/homefitness.be\/fr\/#\/schema\/logo\/image\/\",\"url\":\"https:\/\/homefitness.be\/wp-content\/uploads\/2024\/06\/VPS_logo2.jpg\",\"contentUrl\":\"https:\/\/homefitness.be\/wp-content\/uploads\/2024\/06\/VPS_logo2.jpg\",\"width\":1801,\"height\":1801,\"caption\":\"VPS INTERNATIONAL NV\"},\"image\":{\"@id\":\"https:\/\/homefitness.be\/fr\/#\/schema\/logo\/image\/\"},\"sameAs\":[\"https:\/\/www.facebook.com\/vpsfitness\",\"https:\/\/x.com\/vpsfitness\",\"https:\/\/www.instagram.com\/homefitnessvps\/\",\"https:\/\/www.linkedin.com\/in\/vpsfitness\",\"https:\/\/www.youtube.com\/user\/frankvps\"],\"description\":\"VPS is een invoerder en verdeler van fitnessmateriaal en gevechtsportmateriaal. Wij verkopen zowel aan de professionele markt als aan de particulier. Wij zijn sinds 1983 actief in deze branche. VPS Fitness werd in 2017 officieel Gebrevetteerd Hofleverancier van Belgi\u00eb.\",\"email\":\"info@vps.be\",\"telephone\":\"+3252371162\",\"legalName\":\"V.P.S. INTERNATIONAL NV\",\"vatID\":\"BE0434827046\"}]}<\/script>\n<meta property=\"product:price:amount\" content=\"10.00\" \/>\n<meta property=\"product:price:currency\" content=\"EUR\" \/>\n<meta property=\"og:availability\" content=\"instock\" \/>\n<meta property=\"product:availability\" content=\"instock\" \/>\n<meta property=\"product:retailer_item_id\" content=\"CONE-SET\" \/>\n<meta property=\"product:condition\" content=\"new\" \/>\n<!-- \/ Yoast SEO Premium plugin. -->","yoast_head_json":{"title":"Acheter des c\u00f4nes? - VPS Fitness","description":"C\u00f4nes. Kit de 4 pi\u00e8ces. Disponible en 2 hauteurs. Couleur verte.","robots":{"index":"index","follow":"follow","max-snippet":"max-snippet:-1","max-image-preview":"max-image-preview:large","max-video-preview":"max-video-preview:-1"},"canonical":"https:\/\/homefitness.be\/fr\/cone-set-crossfit\/","og_locale":"fr_FR","og_type":"article","og_title":"Kit de c\u00f4nes Crossfit","og_description":"C\u00f4nes. Kit de 4 pi\u00e8ces. Disponible en 2 hauteurs. Couleur verte.","og_url":"https:\/\/homefitness.be\/fr\/cone-set-crossfit\/","og_site_name":"VPS Fitness","article_publisher":"https:\/\/www.facebook.com\/vpsfitness","article_modified_time":"2022-01-25T16:32:16+00:00","og_image":[{"width":495,"height":500,"url":"https:\/\/homefitness.be\/wp-content\/uploads\/2019\/01\/cone-1.jpg","type":"image\/jpeg"}],"twitter_card":"summary_large_image","twitter_site":"@vpsfitness","twitter_misc":{"Prix":"&euro;10,00 Incl BTW","Disponibilit\u00e9":"En stock"},"schema":{"@context":"https:\/\/schema.org","@graph":[{"@type":"WebPage","@id":"https:\/\/homefitness.be\/fr\/cone-set-crossfit\/","url":"https:\/\/homefitness.be\/fr\/cone-set-crossfit\/","name":"Acheter des c\u00f4nes? - VPS Fitness","isPartOf":{"@id":"https:\/\/homefitness.be\/fr\/#website"},"primaryImageOfPage":{"@id":"https:\/\/homefitness.be\/fr\/cone-set-crossfit\/#primaryimage"},"image":{"@id":"https:\/\/homefitness.be\/fr\/cone-set-crossfit\/#primaryimage"},"thumbnailUrl":"https:\/\/homefitness.be\/wp-content\/uploads\/2019\/01\/cone-1.jpg","datePublished":"2019-03-12T13:42:10+00:00","dateModified":"2022-01-25T16:32:16+00:00","description":"C\u00f4nes. Kit de 4 pi\u00e8ces. Disponible en 2 hauteurs. Couleur verte.","breadcrumb":{"@id":"https:\/\/homefitness.be\/fr\/cone-set-crossfit\/#breadcrumb"},"inLanguage":"fr-FR","potentialAction":[{"@type":"ReadAction","target":["https:\/\/homefitness.be\/fr\/cone-set-crossfit\/"]}]},{"@type":"ImageObject","inLanguage":"fr-FR","@id":"https:\/\/homefitness.be\/fr\/cone-set-crossfit\/#primaryimage","url":"https:\/\/homefitness.be\/wp-content\/uploads\/2019\/01\/cone-1.jpg","contentUrl":"https:\/\/homefitness.be\/wp-content\/uploads\/2019\/01\/cone-1.jpg","width":495,"height":500,"caption":"C\u00f4nes ou ensemble de c\u00f4nes pour le crossfit"},{"@type":"BreadcrumbList","@id":"https:\/\/homefitness.be\/fr\/cone-set-crossfit\/#breadcrumb","itemListElement":[{"@type":"ListItem","position":1,"name":"Home","item":"https:\/\/homefitness.be\/fr\/"},{"@type":"ListItem","position":2,"name":"Magasin de Fitness","item":"https:\/\/homefitness.be\/fr\/boutique\/"},{"@type":"ListItem","position":3,"name":"Kit de c\u00f4nes Crossfit"}]},{"@type":"WebSite","@id":"https:\/\/homefitness.be\/fr\/#website","url":"https:\/\/homefitness.be\/fr\/","name":"VPS Fitness","description":"Fitnessmateriaal en Toebehoren","publisher":{"@id":"https:\/\/homefitness.be\/fr\/#organization"},"potentialAction":[{"@type":"SearchAction","target":{"@type":"EntryPoint","urlTemplate":"https:\/\/homefitness.be\/fr\/?s={search_term_string}"},"query-input":{"@type":"PropertyValueSpecification","valueRequired":true,"valueName":"search_term_string"}}],"inLanguage":"fr-FR"},{"@type":"Organization","@id":"https:\/\/homefitness.be\/fr\/#organization","name":"VPS INTERNATIONAL NV","url":"https:\/\/homefitness.be\/fr\/","logo":{"@type":"ImageObject","inLanguage":"fr-FR","@id":"https:\/\/homefitness.be\/fr\/#\/schema\/logo\/image\/","url":"https:\/\/homefitness.be\/wp-content\/uploads\/2024\/06\/VPS_logo2.jpg","contentUrl":"https:\/\/homefitness.be\/wp-content\/uploads\/2024\/06\/VPS_logo2.jpg","width":1801,"height":1801,"caption":"VPS INTERNATIONAL NV"},"image":{"@id":"https:\/\/homefitness.be\/fr\/#\/schema\/logo\/image\/"},"sameAs":["https:\/\/www.facebook.com\/vpsfitness","https:\/\/x.com\/vpsfitness","https:\/\/www.instagram.com\/homefitnessvps\/","https:\/\/www.linkedin.com\/in\/vpsfitness","https:\/\/www.youtube.com\/user\/frankvps"],"description":"VPS is een invoerder en verdeler van fitnessmateriaal en gevechtsportmateriaal. Wij verkopen zowel aan de professionele markt als aan de particulier. Wij zijn sinds 1983 actief in deze branche. VPS Fitness werd in 2017 officieel Gebrevetteerd Hofleverancier van Belgi\u00eb.","email":"info@vps.be","telephone":"+3252371162","legalName":"V.P.S. INTERNATIONAL NV","vatID":"BE0434827046"}]},"product_price_amount":"10.00","product_price_currency":"EUR","og_availability":"instock","product_availability":"instock","product_retailer_item_id":"CONE-SET","product_condition":"new"},"_links":{"self":[{"href":"https:\/\/homefitness.be\/fr\/wp-json\/wp\/v2\/product\/4754","targetHints":{"allow":["GET"]}}],"collection":[{"href":"https:\/\/homefitness.be\/fr\/wp-json\/wp\/v2\/product"}],"about":[{"href":"https:\/\/homefitness.be\/fr\/wp-json\/wp\/v2\/types\/product"}],"replies":[{"embeddable":true,"href":"https:\/\/homefitness.be\/fr\/wp-json\/wp\/v2\/comments?post=4754"}],"version-history":[{"count":0,"href":"https:\/\/homefitness.be\/fr\/wp-json\/wp\/v2\/product\/4754\/revisions"}],"wp:featuredmedia":[{"embeddable":true,"href":"https:\/\/homefitness.be\/fr\/wp-json\/wp\/v2\/media\/3436"}],"wp:attachment":[{"href":"https:\/\/homefitness.be\/fr\/wp-json\/wp\/v2\/media?parent=4754"}],"wp:term":[{"taxonomy":"product_brand","embeddable":true,"href":"https:\/\/homefitness.be\/fr\/wp-json\/wp\/v2\/product_brand?post=4754"},{"taxonomy":"product_cat","embeddable":true,"href":"https:\/\/homefitness.be\/fr\/wp-json\/wp\/v2\/product_cat?post=4754"},{"taxonomy":"product_tag","embeddable":true,"href":"https:\/\/homefitness.be\/fr\/wp-json\/wp\/v2\/product_tag?post=4754"}],"curies":[{"name":"wp","href":"https:\/\/api.w.org\/{rel}","templated":true}]}}