{"id":32495,"date":"2023-12-26T15:19:50","date_gmt":"2024-06-03T14:51:32","guid":{"rendered":"https:\/\/homefitness.be\/product\/vis-de-reglage-vertical-avec-levier-vps-evolution-2\/"},"modified":"2024-06-03T15:51:32","modified_gmt":"2024-06-03T14:51:32","slug":"vis-de-reglage-vertical-avec-levier-vps-evolution-2","status":"publish","type":"product","link":"https:\/\/homefitness.be\/fr\/vis-de-reglage-vertical-avec-levier-vps-evolution-2\/","title":{"rendered":"Vis de r\u00e9glage vertical avec levier VPS Evolution 2"},"content":{"rendered":"<p>Vis de r\u00e9glage de selle verticale avec levier VPS Evolution 2.<\/p>\n","protected":false},"excerpt":{"rendered":"<p>Vis de r\u00e9glage vertical avec levier VPS Evolution 2<\/p>\n","protected":false},"featured_media":31418,"comment_status":"closed","ping_status":"closed","template":"","meta":{"_acf_changed":false,"ocean_post_layout":"","ocean_both_sidebars_style":"","ocean_both_sidebars_content_width":0,"ocean_both_sidebars_sidebars_width":0,"ocean_sidebar":"0","ocean_second_sidebar":"0","ocean_disable_margins":"enable","ocean_add_body_class":"","ocean_shortcode_before_top_bar":"","ocean_shortcode_after_top_bar":"","ocean_shortcode_before_header":"","ocean_shortcode_after_header":"","ocean_has_shortcode":"","ocean_shortcode_after_title":"","ocean_shortcode_before_footer_widgets":"","ocean_shortcode_after_footer_widgets":"","ocean_shortcode_before_footer_bottom":"","ocean_shortcode_after_footer_bottom":"","ocean_display_top_bar":"default","ocean_display_header":"default","ocean_header_style":"","ocean_center_header_left_menu":"0","ocean_custom_header_template":"0","ocean_custom_logo":0,"ocean_custom_retina_logo":0,"ocean_custom_logo_max_width":0,"ocean_custom_logo_tablet_max_width":0,"ocean_custom_logo_mobile_max_width":0,"ocean_custom_logo_max_height":0,"ocean_custom_logo_tablet_max_height":0,"ocean_custom_logo_mobile_max_height":0,"ocean_header_custom_menu":"0","ocean_menu_typo_font_family":"0","ocean_menu_typo_font_subset":"","ocean_menu_typo_font_size":0,"ocean_menu_typo_font_size_tablet":0,"ocean_menu_typo_font_size_mobile":0,"ocean_menu_typo_font_size_unit":"px","ocean_menu_typo_font_weight":"","ocean_menu_typo_font_weight_tablet":"","ocean_menu_typo_font_weight_mobile":"","ocean_menu_typo_transform":"","ocean_menu_typo_transform_tablet":"","ocean_menu_typo_transform_mobile":"","ocean_menu_typo_line_height":0,"ocean_menu_typo_line_height_tablet":0,"ocean_menu_typo_line_height_mobile":0,"ocean_menu_typo_line_height_unit":"","ocean_menu_typo_spacing":0,"ocean_menu_typo_spacing_tablet":0,"ocean_menu_typo_spacing_mobile":0,"ocean_menu_typo_spacing_unit":"","ocean_menu_link_color":"","ocean_menu_link_color_hover":"","ocean_menu_link_color_active":"","ocean_menu_link_background":"","ocean_menu_link_hover_background":"","ocean_menu_link_active_background":"","ocean_menu_social_links_bg":"","ocean_menu_social_hover_links_bg":"","ocean_menu_social_links_color":"","ocean_menu_social_hover_links_color":"","ocean_disable_title":"default","ocean_disable_heading":"default","ocean_post_title":"","ocean_post_subheading":"","ocean_post_title_style":"","ocean_post_title_background_color":"","ocean_post_title_background":0,"ocean_post_title_bg_image_position":"","ocean_post_title_bg_image_attachment":"","ocean_post_title_bg_image_repeat":"","ocean_post_title_bg_image_size":"","ocean_post_title_height":0,"ocean_post_title_bg_overlay":0.5,"ocean_post_title_bg_overlay_color":"","ocean_disable_breadcrumbs":"default","ocean_breadcrumbs_color":"","ocean_breadcrumbs_separator_color":"","ocean_breadcrumbs_links_color":"","ocean_breadcrumbs_links_hover_color":"","ocean_display_footer_widgets":"default","ocean_display_footer_bottom":"default","ocean_custom_footer_template":"0"},"product_brand":[],"product_cat":[1006],"product_tag":[989,984],"class_list":{"0":"post-32495","1":"product","2":"type-product","3":"status-publish","4":"has-post-thumbnail","6":"product_cat-pieces-de-rechange-cardio","7":"product_tag-velo-spinning","8":"product_tag-velo-spinning-francais","9":"product_shipping_class-wisselstukken","11":"entry","12":"has-media","14":"first","15":"instock","16":"taxable","17":"shipping-taxable","18":"purchasable","19":"product-type-simple","20":"has-product-nav","21":"col","22":"span_1_of_3","23":"owp-content-center","24":"owp-thumbs-layout-horizontal","25":"owp-btn-normal","26":"owp-tabs-layout-horizontal","27":"has-no-thumbnails"},"acf":[],"yoast_head":"<!-- This site is optimized with the Yoast SEO Premium plugin v27.2 (Yoast SEO v27.2) - https:\/\/yoast.com\/product\/yoast-seo-premium-wordpress\/ -->\n<title>Vis de r\u00e9glage vertical avec levier VPS Evolution 2 - VPS Fitness<\/title>\n<meta name=\"description\" content=\"Vis de r\u00e9glage de selle verticale avec levier VPS Evolution 2. Pi\u00e8ces d\u2019origine VPS Tech v\u00e9los de spinning. Livraison rapide.\" \/>\n<meta name=\"robots\" content=\"index, follow, max-snippet:-1, max-image-preview:large, max-video-preview:-1\" \/>\n<link rel=\"canonical\" href=\"https:\/\/homefitness.be\/fr\/vis-de-reglage-vertical-avec-levier-vps-evolution-2\/\" \/>\n<meta property=\"og:locale\" content=\"fr_FR\" \/>\n<meta property=\"og:type\" content=\"article\" \/>\n<meta property=\"og:title\" content=\"Vis de r\u00e9glage vertical avec levier VPS Evolution 2\" \/>\n<meta property=\"og:description\" content=\"Vis de r\u00e9glage de selle verticale avec levier VPS Evolution 2. Pi\u00e8ces d\u2019origine VPS Tech v\u00e9los de spinning. Livraison rapide.\" \/>\n<meta property=\"og:url\" content=\"https:\/\/homefitness.be\/fr\/vis-de-reglage-vertical-avec-levier-vps-evolution-2\/\" \/>\n<meta property=\"og:site_name\" content=\"VPS Fitness\" \/>\n<meta property=\"article:publisher\" content=\"https:\/\/www.facebook.com\/vpsfitness\" \/>\n<meta property=\"og:image\" content=\"https:\/\/homefitness.be\/wp-content\/uploads\/2023\/12\/verstelknop-zadel-verticaal-evolution-2-scaled.webp\" \/>\n\t<meta property=\"og:image:width\" content=\"2560\" \/>\n\t<meta property=\"og:image:height\" content=\"2560\" \/>\n\t<meta property=\"og:image:type\" content=\"image\/webp\" \/>\n<meta name=\"twitter:card\" content=\"summary_large_image\" \/>\n<meta name=\"twitter:site\" content=\"@vpsfitness\" \/>\n<meta name=\"twitter:label1\" content=\"Prix\" \/>\n\t<meta name=\"twitter:data1\" content=\"&euro;28,00 Incl BTW\" \/>\n\t<meta name=\"twitter:label2\" content=\"Disponibilit\u00e9\" \/>\n\t<meta name=\"twitter:data2\" content=\"En stock\" \/>\n<script type=\"application\/ld+json\" class=\"yoast-schema-graph\">{\"@context\":\"https:\/\/schema.org\",\"@graph\":[{\"@type\":\"WebPage\",\"@id\":\"https:\/\/homefitness.be\/fr\/vis-de-reglage-vertical-avec-levier-vps-evolution-2\/\",\"url\":\"https:\/\/homefitness.be\/fr\/vis-de-reglage-vertical-avec-levier-vps-evolution-2\/\",\"name\":\"Vis de r\u00e9glage vertical avec levier VPS Evolution 2 - VPS Fitness\",\"isPartOf\":{\"@id\":\"https:\/\/homefitness.be\/fr\/#website\"},\"primaryImageOfPage\":{\"@id\":\"https:\/\/homefitness.be\/fr\/vis-de-reglage-vertical-avec-levier-vps-evolution-2\/#primaryimage\"},\"image\":{\"@id\":\"https:\/\/homefitness.be\/fr\/vis-de-reglage-vertical-avec-levier-vps-evolution-2\/#primaryimage\"},\"thumbnailUrl\":\"https:\/\/homefitness.be\/wp-content\/uploads\/2023\/12\/verstelknop-zadel-verticaal-evolution-2-scaled.webp\",\"datePublished\":\"2024-06-03T14:51:32+00:00\",\"description\":\"Vis de r\u00e9glage de selle verticale avec levier VPS Evolution 2. Pi\u00e8ces d\u2019origine VPS Tech v\u00e9los de spinning. Livraison rapide.\",\"breadcrumb\":{\"@id\":\"https:\/\/homefitness.be\/fr\/vis-de-reglage-vertical-avec-levier-vps-evolution-2\/#breadcrumb\"},\"inLanguage\":\"fr-FR\",\"potentialAction\":[{\"@type\":\"ReadAction\",\"target\":[\"https:\/\/homefitness.be\/fr\/vis-de-reglage-vertical-avec-levier-vps-evolution-2\/\"]}]},{\"@type\":\"ImageObject\",\"inLanguage\":\"fr-FR\",\"@id\":\"https:\/\/homefitness.be\/fr\/vis-de-reglage-vertical-avec-levier-vps-evolution-2\/#primaryimage\",\"url\":\"https:\/\/homefitness.be\/wp-content\/uploads\/2023\/12\/verstelknop-zadel-verticaal-evolution-2-scaled.webp\",\"contentUrl\":\"https:\/\/homefitness.be\/wp-content\/uploads\/2023\/12\/verstelknop-zadel-verticaal-evolution-2-scaled.webp\",\"width\":2560,\"height\":2560,\"caption\":\"Verstelknop van zadel verticaal op spinning fiets VPS Tech Evolution 2\"},{\"@type\":\"BreadcrumbList\",\"@id\":\"https:\/\/homefitness.be\/fr\/vis-de-reglage-vertical-avec-levier-vps-evolution-2\/#breadcrumb\",\"itemListElement\":[{\"@type\":\"ListItem\",\"position\":1,\"name\":\"Home\",\"item\":\"https:\/\/homefitness.be\/fr\/\"},{\"@type\":\"ListItem\",\"position\":2,\"name\":\"Magasin de Fitness\",\"item\":\"https:\/\/homefitness.be\/fr\/boutique\/\"},{\"@type\":\"ListItem\",\"position\":3,\"name\":\"Vis de r\u00e9glage vertical avec levier VPS Evolution 2\"}]},{\"@type\":\"WebSite\",\"@id\":\"https:\/\/homefitness.be\/fr\/#website\",\"url\":\"https:\/\/homefitness.be\/fr\/\",\"name\":\"VPS Fitness\",\"description\":\"Fitnessmateriaal en Toebehoren\",\"publisher\":{\"@id\":\"https:\/\/homefitness.be\/fr\/#organization\"},\"potentialAction\":[{\"@type\":\"SearchAction\",\"target\":{\"@type\":\"EntryPoint\",\"urlTemplate\":\"https:\/\/homefitness.be\/fr\/?s={search_term_string}\"},\"query-input\":{\"@type\":\"PropertyValueSpecification\",\"valueRequired\":true,\"valueName\":\"search_term_string\"}}],\"inLanguage\":\"fr-FR\"},{\"@type\":\"Organization\",\"@id\":\"https:\/\/homefitness.be\/fr\/#organization\",\"name\":\"VPS INTERNATIONAL NV\",\"url\":\"https:\/\/homefitness.be\/fr\/\",\"logo\":{\"@type\":\"ImageObject\",\"inLanguage\":\"fr-FR\",\"@id\":\"https:\/\/homefitness.be\/fr\/#\/schema\/logo\/image\/\",\"url\":\"https:\/\/homefitness.be\/wp-content\/uploads\/2024\/06\/VPS_logo2.jpg\",\"contentUrl\":\"https:\/\/homefitness.be\/wp-content\/uploads\/2024\/06\/VPS_logo2.jpg\",\"width\":1801,\"height\":1801,\"caption\":\"VPS INTERNATIONAL NV\"},\"image\":{\"@id\":\"https:\/\/homefitness.be\/fr\/#\/schema\/logo\/image\/\"},\"sameAs\":[\"https:\/\/www.facebook.com\/vpsfitness\",\"https:\/\/x.com\/vpsfitness\",\"https:\/\/www.instagram.com\/homefitnessvps\/\",\"https:\/\/www.linkedin.com\/in\/vpsfitness\",\"https:\/\/www.youtube.com\/user\/frankvps\"],\"description\":\"VPS is een invoerder en verdeler van fitnessmateriaal en gevechtsportmateriaal. Wij verkopen zowel aan de professionele markt als aan de particulier. Wij zijn sinds 1983 actief in deze branche. VPS Fitness werd in 2017 officieel Gebrevetteerd Hofleverancier van Belgi\u00eb.\",\"email\":\"info@vps.be\",\"telephone\":\"+3252371162\",\"legalName\":\"V.P.S. INTERNATIONAL NV\",\"vatID\":\"BE0434827046\"}]}<\/script>\n<meta property=\"product:price:amount\" content=\"28.00\" \/>\n<meta property=\"product:price:currency\" content=\"EUR\" \/>\n<meta property=\"og:availability\" content=\"instock\" \/>\n<meta property=\"product:availability\" content=\"instock\" \/>\n<meta property=\"product:retailer_item_id\" content=\"TECH3.18\" \/>\n<meta property=\"product:condition\" content=\"new\" \/>\n<!-- \/ Yoast SEO Premium plugin. -->","yoast_head_json":{"title":"Vis de r\u00e9glage vertical avec levier VPS Evolution 2 - VPS Fitness","description":"Vis de r\u00e9glage de selle verticale avec levier VPS Evolution 2. Pi\u00e8ces d\u2019origine VPS Tech v\u00e9los de spinning. Livraison rapide.","robots":{"index":"index","follow":"follow","max-snippet":"max-snippet:-1","max-image-preview":"max-image-preview:large","max-video-preview":"max-video-preview:-1"},"canonical":"https:\/\/homefitness.be\/fr\/vis-de-reglage-vertical-avec-levier-vps-evolution-2\/","og_locale":"fr_FR","og_type":"article","og_title":"Vis de r\u00e9glage vertical avec levier VPS Evolution 2","og_description":"Vis de r\u00e9glage de selle verticale avec levier VPS Evolution 2. Pi\u00e8ces d\u2019origine VPS Tech v\u00e9los de spinning. Livraison rapide.","og_url":"https:\/\/homefitness.be\/fr\/vis-de-reglage-vertical-avec-levier-vps-evolution-2\/","og_site_name":"VPS Fitness","article_publisher":"https:\/\/www.facebook.com\/vpsfitness","og_image":[{"width":2560,"height":2560,"url":"https:\/\/homefitness.be\/wp-content\/uploads\/2023\/12\/verstelknop-zadel-verticaal-evolution-2-scaled.webp","type":"image\/webp"}],"twitter_card":"summary_large_image","twitter_site":"@vpsfitness","twitter_misc":{"Prix":"&euro;28,00 Incl BTW","Disponibilit\u00e9":"En stock"},"schema":{"@context":"https:\/\/schema.org","@graph":[{"@type":"WebPage","@id":"https:\/\/homefitness.be\/fr\/vis-de-reglage-vertical-avec-levier-vps-evolution-2\/","url":"https:\/\/homefitness.be\/fr\/vis-de-reglage-vertical-avec-levier-vps-evolution-2\/","name":"Vis de r\u00e9glage vertical avec levier VPS Evolution 2 - VPS Fitness","isPartOf":{"@id":"https:\/\/homefitness.be\/fr\/#website"},"primaryImageOfPage":{"@id":"https:\/\/homefitness.be\/fr\/vis-de-reglage-vertical-avec-levier-vps-evolution-2\/#primaryimage"},"image":{"@id":"https:\/\/homefitness.be\/fr\/vis-de-reglage-vertical-avec-levier-vps-evolution-2\/#primaryimage"},"thumbnailUrl":"https:\/\/homefitness.be\/wp-content\/uploads\/2023\/12\/verstelknop-zadel-verticaal-evolution-2-scaled.webp","datePublished":"2024-06-03T14:51:32+00:00","description":"Vis de r\u00e9glage de selle verticale avec levier VPS Evolution 2. Pi\u00e8ces d\u2019origine VPS Tech v\u00e9los de spinning. Livraison rapide.","breadcrumb":{"@id":"https:\/\/homefitness.be\/fr\/vis-de-reglage-vertical-avec-levier-vps-evolution-2\/#breadcrumb"},"inLanguage":"fr-FR","potentialAction":[{"@type":"ReadAction","target":["https:\/\/homefitness.be\/fr\/vis-de-reglage-vertical-avec-levier-vps-evolution-2\/"]}]},{"@type":"ImageObject","inLanguage":"fr-FR","@id":"https:\/\/homefitness.be\/fr\/vis-de-reglage-vertical-avec-levier-vps-evolution-2\/#primaryimage","url":"https:\/\/homefitness.be\/wp-content\/uploads\/2023\/12\/verstelknop-zadel-verticaal-evolution-2-scaled.webp","contentUrl":"https:\/\/homefitness.be\/wp-content\/uploads\/2023\/12\/verstelknop-zadel-verticaal-evolution-2-scaled.webp","width":2560,"height":2560,"caption":"Verstelknop van zadel verticaal op spinning fiets VPS Tech Evolution 2"},{"@type":"BreadcrumbList","@id":"https:\/\/homefitness.be\/fr\/vis-de-reglage-vertical-avec-levier-vps-evolution-2\/#breadcrumb","itemListElement":[{"@type":"ListItem","position":1,"name":"Home","item":"https:\/\/homefitness.be\/fr\/"},{"@type":"ListItem","position":2,"name":"Magasin de Fitness","item":"https:\/\/homefitness.be\/fr\/boutique\/"},{"@type":"ListItem","position":3,"name":"Vis de r\u00e9glage vertical avec levier VPS Evolution 2"}]},{"@type":"WebSite","@id":"https:\/\/homefitness.be\/fr\/#website","url":"https:\/\/homefitness.be\/fr\/","name":"VPS Fitness","description":"Fitnessmateriaal en Toebehoren","publisher":{"@id":"https:\/\/homefitness.be\/fr\/#organization"},"potentialAction":[{"@type":"SearchAction","target":{"@type":"EntryPoint","urlTemplate":"https:\/\/homefitness.be\/fr\/?s={search_term_string}"},"query-input":{"@type":"PropertyValueSpecification","valueRequired":true,"valueName":"search_term_string"}}],"inLanguage":"fr-FR"},{"@type":"Organization","@id":"https:\/\/homefitness.be\/fr\/#organization","name":"VPS INTERNATIONAL NV","url":"https:\/\/homefitness.be\/fr\/","logo":{"@type":"ImageObject","inLanguage":"fr-FR","@id":"https:\/\/homefitness.be\/fr\/#\/schema\/logo\/image\/","url":"https:\/\/homefitness.be\/wp-content\/uploads\/2024\/06\/VPS_logo2.jpg","contentUrl":"https:\/\/homefitness.be\/wp-content\/uploads\/2024\/06\/VPS_logo2.jpg","width":1801,"height":1801,"caption":"VPS INTERNATIONAL NV"},"image":{"@id":"https:\/\/homefitness.be\/fr\/#\/schema\/logo\/image\/"},"sameAs":["https:\/\/www.facebook.com\/vpsfitness","https:\/\/x.com\/vpsfitness","https:\/\/www.instagram.com\/homefitnessvps\/","https:\/\/www.linkedin.com\/in\/vpsfitness","https:\/\/www.youtube.com\/user\/frankvps"],"description":"VPS is een invoerder en verdeler van fitnessmateriaal en gevechtsportmateriaal. Wij verkopen zowel aan de professionele markt als aan de particulier. Wij zijn sinds 1983 actief in deze branche. VPS Fitness werd in 2017 officieel Gebrevetteerd Hofleverancier van Belgi\u00eb.","email":"info@vps.be","telephone":"+3252371162","legalName":"V.P.S. INTERNATIONAL NV","vatID":"BE0434827046"}]},"product_price_amount":"28.00","product_price_currency":"EUR","og_availability":"instock","product_availability":"instock","product_retailer_item_id":"TECH3.18","product_condition":"new"},"_links":{"self":[{"href":"https:\/\/homefitness.be\/fr\/wp-json\/wp\/v2\/product\/32495","targetHints":{"allow":["GET"]}}],"collection":[{"href":"https:\/\/homefitness.be\/fr\/wp-json\/wp\/v2\/product"}],"about":[{"href":"https:\/\/homefitness.be\/fr\/wp-json\/wp\/v2\/types\/product"}],"replies":[{"embeddable":true,"href":"https:\/\/homefitness.be\/fr\/wp-json\/wp\/v2\/comments?post=32495"}],"version-history":[{"count":0,"href":"https:\/\/homefitness.be\/fr\/wp-json\/wp\/v2\/product\/32495\/revisions"}],"wp:featuredmedia":[{"embeddable":true,"href":"https:\/\/homefitness.be\/fr\/wp-json\/wp\/v2\/media\/31418"}],"wp:attachment":[{"href":"https:\/\/homefitness.be\/fr\/wp-json\/wp\/v2\/media?parent=32495"}],"wp:term":[{"taxonomy":"product_brand","embeddable":true,"href":"https:\/\/homefitness.be\/fr\/wp-json\/wp\/v2\/product_brand?post=32495"},{"taxonomy":"product_cat","embeddable":true,"href":"https:\/\/homefitness.be\/fr\/wp-json\/wp\/v2\/product_cat?post=32495"},{"taxonomy":"product_tag","embeddable":true,"href":"https:\/\/homefitness.be\/fr\/wp-json\/wp\/v2\/product_tag?post=32495"}],"curies":[{"name":"wp","href":"https:\/\/api.w.org\/{rel}","templated":true}]}}