{"id":31044,"date":"2023-11-27T09:05:39","date_gmt":"2023-11-27T09:14:24","guid":{"rendered":"https:\/\/homefitness.be\/product\/squat-rack-vps\/"},"modified":"2023-12-18T10:23:50","modified_gmt":"2023-12-18T09:23:50","slug":"squat-rack-vps","status":"publish","type":"product","link":"https:\/\/homefitness.be\/fr\/squat-rack-vps\/","title":{"rendered":"Squat Rack VPS"},"content":{"rendered":"<p>Rack \u00e0 squat fini tr\u00e8s robuste pour un usage intensif. Equip\u00e9 de 10 crochets pour placer la barre \u00e0 la hauteur souhait\u00e9e. Equip\u00e9 de crochets de s\u00e9curit\u00e9 r\u00e9glables.<\/p>\n<p>Ce rack \u00e0 squat est \u00e9quip\u00e9 d\u2019un syst\u00e8me de rangement pour les disques olympiques.<\/p>\n<p>Couleur : Noir<\/p>\n<p>Dimensions : H 208,50 cm x L (profondeur) 170 cm x L 172 cm (attention l\u2019halt\u00e8re olympique est de 220 cm)<\/p>\n","protected":false},"excerpt":{"rendered":"<p>Squat Rack tr\u00e8s robustes pour un usage intensif. Equip\u00e9 de 10 crochets pour placer la barre \u00e0 la hauteur souhait\u00e9e. Equip\u00e9 de crochets de s\u00e9curit\u00e9 r\u00e9glables. Ce rack est \u00e9quip\u00e9 d\u2019un syst\u00e8me de rangement pour les disques olympiques.<\/p>\n","protected":false},"featured_media":31032,"comment_status":"closed","ping_status":"closed","template":"","meta":{"_acf_changed":false,"ocean_post_layout":"","ocean_both_sidebars_style":"","ocean_both_sidebars_content_width":0,"ocean_both_sidebars_sidebars_width":0,"ocean_sidebar":"0","ocean_second_sidebar":"0","ocean_disable_margins":"enable","ocean_add_body_class":"","ocean_shortcode_before_top_bar":"","ocean_shortcode_after_top_bar":"","ocean_shortcode_before_header":"","ocean_shortcode_after_header":"","ocean_has_shortcode":"","ocean_shortcode_after_title":"","ocean_shortcode_before_footer_widgets":"","ocean_shortcode_after_footer_widgets":"","ocean_shortcode_before_footer_bottom":"","ocean_shortcode_after_footer_bottom":"","ocean_display_top_bar":"default","ocean_display_header":"default","ocean_header_style":"","ocean_center_header_left_menu":"0","ocean_custom_header_template":"0","ocean_custom_logo":0,"ocean_custom_retina_logo":0,"ocean_custom_logo_max_width":0,"ocean_custom_logo_tablet_max_width":0,"ocean_custom_logo_mobile_max_width":0,"ocean_custom_logo_max_height":0,"ocean_custom_logo_tablet_max_height":0,"ocean_custom_logo_mobile_max_height":0,"ocean_header_custom_menu":"0","ocean_menu_typo_font_family":"0","ocean_menu_typo_font_subset":"","ocean_menu_typo_font_size":0,"ocean_menu_typo_font_size_tablet":0,"ocean_menu_typo_font_size_mobile":0,"ocean_menu_typo_font_size_unit":"px","ocean_menu_typo_font_weight":"","ocean_menu_typo_font_weight_tablet":"","ocean_menu_typo_font_weight_mobile":"","ocean_menu_typo_transform":"","ocean_menu_typo_transform_tablet":"","ocean_menu_typo_transform_mobile":"","ocean_menu_typo_line_height":0,"ocean_menu_typo_line_height_tablet":0,"ocean_menu_typo_line_height_mobile":0,"ocean_menu_typo_line_height_unit":"","ocean_menu_typo_spacing":0,"ocean_menu_typo_spacing_tablet":0,"ocean_menu_typo_spacing_mobile":0,"ocean_menu_typo_spacing_unit":"","ocean_menu_link_color":"","ocean_menu_link_color_hover":"","ocean_menu_link_color_active":"","ocean_menu_link_background":"","ocean_menu_link_hover_background":"","ocean_menu_link_active_background":"","ocean_menu_social_links_bg":"","ocean_menu_social_hover_links_bg":"","ocean_menu_social_links_color":"","ocean_menu_social_hover_links_color":"","ocean_disable_title":"default","ocean_disable_heading":"default","ocean_post_title":"","ocean_post_subheading":"","ocean_post_title_style":"","ocean_post_title_background_color":"","ocean_post_title_background":0,"ocean_post_title_bg_image_position":"","ocean_post_title_bg_image_attachment":"","ocean_post_title_bg_image_repeat":"","ocean_post_title_bg_image_size":"","ocean_post_title_height":0,"ocean_post_title_bg_overlay":0.5,"ocean_post_title_bg_overlay_color":"","ocean_disable_breadcrumbs":"default","ocean_breadcrumbs_color":"","ocean_breadcrumbs_separator_color":"","ocean_breadcrumbs_links_color":"","ocean_breadcrumbs_links_hover_color":"","ocean_display_footer_widgets":"default","ocean_display_footer_bottom":"default","ocean_custom_footer_template":"0"},"product_brand":[],"product_cat":[1295],"product_tag":[],"class_list":{"0":"post-31044","1":"product","2":"type-product","3":"status-publish","4":"has-post-thumbnail","6":"product_cat-bancs-et-supports","7":"product_shipping_class-cardio","9":"entry","10":"has-media","12":"first","13":"instock","14":"taxable","15":"shipping-taxable","16":"purchasable","17":"product-type-simple","18":"has-product-nav","19":"col","20":"span_1_of_3","21":"owp-content-center","22":"owp-thumbs-layout-horizontal","23":"owp-btn-normal","24":"owp-tabs-layout-horizontal","25":"has-no-thumbnails"},"acf":[],"yoast_head":"<!-- This site is optimized with the Yoast SEO Premium plugin v27.2 (Yoast SEO v27.2) - https:\/\/yoast.com\/product\/yoast-seo-premium-wordpress\/ -->\n<title>Squat Rack VPS - VPS Fitness VPS<\/title>\n<meta name=\"description\" content=\"Rack \u00e0 squat pour un usage semi-professionnel. Finition tr\u00e8s solide. Equip\u00e9 de supports de s\u00e9curit\u00e9 et d\u2019un syst\u00e8me de rangement pour les disques. Livraison gratuite.\" \/>\n<meta name=\"robots\" content=\"index, follow, max-snippet:-1, max-image-preview:large, max-video-preview:-1\" \/>\n<link rel=\"canonical\" href=\"https:\/\/homefitness.be\/fr\/squat-rack-vps\/\" \/>\n<meta property=\"og:locale\" content=\"fr_FR\" \/>\n<meta property=\"og:type\" content=\"article\" \/>\n<meta property=\"og:title\" content=\"Squat Rack VPS\" \/>\n<meta property=\"og:description\" content=\"Rack \u00e0 squat pour un usage semi-professionnel. Finition tr\u00e8s solide. Equip\u00e9 de supports de s\u00e9curit\u00e9 et d\u2019un syst\u00e8me de rangement pour les disques. Livraison gratuite.\" \/>\n<meta property=\"og:url\" content=\"https:\/\/homefitness.be\/fr\/squat-rack-vps\/\" \/>\n<meta property=\"og:site_name\" content=\"VPS Fitness\" \/>\n<meta property=\"article:publisher\" content=\"https:\/\/www.facebook.com\/vpsfitness\" \/>\n<meta property=\"article:modified_time\" content=\"2023-12-18T09:23:50+00:00\" \/>\n<meta property=\"og:image\" content=\"https:\/\/homefitness.be\/wp-content\/uploads\/2023\/11\/squat-rack-vps-1a.jpg\" \/>\n\t<meta property=\"og:image:width\" content=\"1181\" \/>\n\t<meta property=\"og:image:height\" content=\"1181\" \/>\n\t<meta property=\"og:image:type\" content=\"image\/jpeg\" \/>\n<meta name=\"twitter:card\" content=\"summary_large_image\" \/>\n<meta name=\"twitter:site\" content=\"@vpsfitness\" \/>\n<meta name=\"twitter:label1\" content=\"Prix\" \/>\n\t<meta name=\"twitter:data1\" content=\"&euro;595,00 Incl BTW\" \/>\n\t<meta name=\"twitter:label2\" content=\"Disponibilit\u00e9\" \/>\n\t<meta name=\"twitter:data2\" content=\"En stock\" \/>\n<script type=\"application\/ld+json\" class=\"yoast-schema-graph\">{\"@context\":\"https:\/\/schema.org\",\"@graph\":[{\"@type\":\"WebPage\",\"@id\":\"https:\/\/homefitness.be\/fr\/squat-rack-vps\/\",\"url\":\"https:\/\/homefitness.be\/fr\/squat-rack-vps\/\",\"name\":\"Squat Rack VPS - VPS Fitness VPS\",\"isPartOf\":{\"@id\":\"https:\/\/homefitness.be\/fr\/#website\"},\"primaryImageOfPage\":{\"@id\":\"https:\/\/homefitness.be\/fr\/squat-rack-vps\/#primaryimage\"},\"image\":{\"@id\":\"https:\/\/homefitness.be\/fr\/squat-rack-vps\/#primaryimage\"},\"thumbnailUrl\":\"https:\/\/homefitness.be\/wp-content\/uploads\/2023\/11\/squat-rack-vps-1a.jpg\",\"datePublished\":\"2023-11-27T09:14:24+00:00\",\"dateModified\":\"2023-12-18T09:23:50+00:00\",\"description\":\"Rack \u00e0 squat pour un usage semi-professionnel. Finition tr\u00e8s solide. Equip\u00e9 de supports de s\u00e9curit\u00e9 et d\u2019un syst\u00e8me de rangement pour les disques. Livraison gratuite.\",\"breadcrumb\":{\"@id\":\"https:\/\/homefitness.be\/fr\/squat-rack-vps\/#breadcrumb\"},\"inLanguage\":\"fr-FR\",\"potentialAction\":[{\"@type\":\"ReadAction\",\"target\":[\"https:\/\/homefitness.be\/fr\/squat-rack-vps\/\"]}]},{\"@type\":\"ImageObject\",\"inLanguage\":\"fr-FR\",\"@id\":\"https:\/\/homefitness.be\/fr\/squat-rack-vps\/#primaryimage\",\"url\":\"https:\/\/homefitness.be\/wp-content\/uploads\/2023\/11\/squat-rack-vps-1a.jpg\",\"contentUrl\":\"https:\/\/homefitness.be\/wp-content\/uploads\/2023\/11\/squat-rack-vps-1a.jpg\",\"width\":1181,\"height\":1181,\"caption\":\"foto leg press of benenpres van vps\"},{\"@type\":\"BreadcrumbList\",\"@id\":\"https:\/\/homefitness.be\/fr\/squat-rack-vps\/#breadcrumb\",\"itemListElement\":[{\"@type\":\"ListItem\",\"position\":1,\"name\":\"Home\",\"item\":\"https:\/\/homefitness.be\/fr\/\"},{\"@type\":\"ListItem\",\"position\":2,\"name\":\"Magasin de Fitness\",\"item\":\"https:\/\/homefitness.be\/fr\/boutique\/\"},{\"@type\":\"ListItem\",\"position\":3,\"name\":\"Squat Rack VPS\"}]},{\"@type\":\"WebSite\",\"@id\":\"https:\/\/homefitness.be\/fr\/#website\",\"url\":\"https:\/\/homefitness.be\/fr\/\",\"name\":\"VPS Fitness\",\"description\":\"Fitnessmateriaal en Toebehoren\",\"publisher\":{\"@id\":\"https:\/\/homefitness.be\/fr\/#organization\"},\"potentialAction\":[{\"@type\":\"SearchAction\",\"target\":{\"@type\":\"EntryPoint\",\"urlTemplate\":\"https:\/\/homefitness.be\/fr\/?s={search_term_string}\"},\"query-input\":{\"@type\":\"PropertyValueSpecification\",\"valueRequired\":true,\"valueName\":\"search_term_string\"}}],\"inLanguage\":\"fr-FR\"},{\"@type\":\"Organization\",\"@id\":\"https:\/\/homefitness.be\/fr\/#organization\",\"name\":\"VPS INTERNATIONAL NV\",\"url\":\"https:\/\/homefitness.be\/fr\/\",\"logo\":{\"@type\":\"ImageObject\",\"inLanguage\":\"fr-FR\",\"@id\":\"https:\/\/homefitness.be\/fr\/#\/schema\/logo\/image\/\",\"url\":\"https:\/\/homefitness.be\/wp-content\/uploads\/2024\/06\/VPS_logo2.jpg\",\"contentUrl\":\"https:\/\/homefitness.be\/wp-content\/uploads\/2024\/06\/VPS_logo2.jpg\",\"width\":1801,\"height\":1801,\"caption\":\"VPS INTERNATIONAL NV\"},\"image\":{\"@id\":\"https:\/\/homefitness.be\/fr\/#\/schema\/logo\/image\/\"},\"sameAs\":[\"https:\/\/www.facebook.com\/vpsfitness\",\"https:\/\/x.com\/vpsfitness\",\"https:\/\/www.instagram.com\/homefitnessvps\/\",\"https:\/\/www.linkedin.com\/in\/vpsfitness\",\"https:\/\/www.youtube.com\/user\/frankvps\"],\"description\":\"VPS is een invoerder en verdeler van fitnessmateriaal en gevechtsportmateriaal. Wij verkopen zowel aan de professionele markt als aan de particulier. Wij zijn sinds 1983 actief in deze branche. VPS Fitness werd in 2017 officieel Gebrevetteerd Hofleverancier van Belgi\u00eb.\",\"email\":\"info@vps.be\",\"telephone\":\"+3252371162\",\"legalName\":\"V.P.S. INTERNATIONAL NV\",\"vatID\":\"BE0434827046\"}]}<\/script>\n<meta property=\"product:price:amount\" content=\"595.00\" \/>\n<meta property=\"product:price:currency\" content=\"EUR\" \/>\n<meta property=\"og:availability\" content=\"instock\" \/>\n<meta property=\"product:availability\" content=\"instock\" \/>\n<meta property=\"product:retailer_item_id\" content=\"VH020\" \/>\n<meta property=\"product:condition\" content=\"new\" \/>\n<!-- \/ Yoast SEO Premium plugin. -->","yoast_head_json":{"title":"Squat Rack VPS - VPS Fitness VPS","description":"Rack \u00e0 squat pour un usage semi-professionnel. Finition tr\u00e8s solide. Equip\u00e9 de supports de s\u00e9curit\u00e9 et d\u2019un syst\u00e8me de rangement pour les disques. Livraison gratuite.","robots":{"index":"index","follow":"follow","max-snippet":"max-snippet:-1","max-image-preview":"max-image-preview:large","max-video-preview":"max-video-preview:-1"},"canonical":"https:\/\/homefitness.be\/fr\/squat-rack-vps\/","og_locale":"fr_FR","og_type":"article","og_title":"Squat Rack VPS","og_description":"Rack \u00e0 squat pour un usage semi-professionnel. Finition tr\u00e8s solide. Equip\u00e9 de supports de s\u00e9curit\u00e9 et d\u2019un syst\u00e8me de rangement pour les disques. Livraison gratuite.","og_url":"https:\/\/homefitness.be\/fr\/squat-rack-vps\/","og_site_name":"VPS Fitness","article_publisher":"https:\/\/www.facebook.com\/vpsfitness","article_modified_time":"2023-12-18T09:23:50+00:00","og_image":[{"width":1181,"height":1181,"url":"https:\/\/homefitness.be\/wp-content\/uploads\/2023\/11\/squat-rack-vps-1a.jpg","type":"image\/jpeg"}],"twitter_card":"summary_large_image","twitter_site":"@vpsfitness","twitter_misc":{"Prix":"&euro;595,00 Incl BTW","Disponibilit\u00e9":"En stock"},"schema":{"@context":"https:\/\/schema.org","@graph":[{"@type":"WebPage","@id":"https:\/\/homefitness.be\/fr\/squat-rack-vps\/","url":"https:\/\/homefitness.be\/fr\/squat-rack-vps\/","name":"Squat Rack VPS - VPS Fitness VPS","isPartOf":{"@id":"https:\/\/homefitness.be\/fr\/#website"},"primaryImageOfPage":{"@id":"https:\/\/homefitness.be\/fr\/squat-rack-vps\/#primaryimage"},"image":{"@id":"https:\/\/homefitness.be\/fr\/squat-rack-vps\/#primaryimage"},"thumbnailUrl":"https:\/\/homefitness.be\/wp-content\/uploads\/2023\/11\/squat-rack-vps-1a.jpg","datePublished":"2023-11-27T09:14:24+00:00","dateModified":"2023-12-18T09:23:50+00:00","description":"Rack \u00e0 squat pour un usage semi-professionnel. Finition tr\u00e8s solide. Equip\u00e9 de supports de s\u00e9curit\u00e9 et d\u2019un syst\u00e8me de rangement pour les disques. Livraison gratuite.","breadcrumb":{"@id":"https:\/\/homefitness.be\/fr\/squat-rack-vps\/#breadcrumb"},"inLanguage":"fr-FR","potentialAction":[{"@type":"ReadAction","target":["https:\/\/homefitness.be\/fr\/squat-rack-vps\/"]}]},{"@type":"ImageObject","inLanguage":"fr-FR","@id":"https:\/\/homefitness.be\/fr\/squat-rack-vps\/#primaryimage","url":"https:\/\/homefitness.be\/wp-content\/uploads\/2023\/11\/squat-rack-vps-1a.jpg","contentUrl":"https:\/\/homefitness.be\/wp-content\/uploads\/2023\/11\/squat-rack-vps-1a.jpg","width":1181,"height":1181,"caption":"foto leg press of benenpres van vps"},{"@type":"BreadcrumbList","@id":"https:\/\/homefitness.be\/fr\/squat-rack-vps\/#breadcrumb","itemListElement":[{"@type":"ListItem","position":1,"name":"Home","item":"https:\/\/homefitness.be\/fr\/"},{"@type":"ListItem","position":2,"name":"Magasin de Fitness","item":"https:\/\/homefitness.be\/fr\/boutique\/"},{"@type":"ListItem","position":3,"name":"Squat Rack VPS"}]},{"@type":"WebSite","@id":"https:\/\/homefitness.be\/fr\/#website","url":"https:\/\/homefitness.be\/fr\/","name":"VPS Fitness","description":"Fitnessmateriaal en Toebehoren","publisher":{"@id":"https:\/\/homefitness.be\/fr\/#organization"},"potentialAction":[{"@type":"SearchAction","target":{"@type":"EntryPoint","urlTemplate":"https:\/\/homefitness.be\/fr\/?s={search_term_string}"},"query-input":{"@type":"PropertyValueSpecification","valueRequired":true,"valueName":"search_term_string"}}],"inLanguage":"fr-FR"},{"@type":"Organization","@id":"https:\/\/homefitness.be\/fr\/#organization","name":"VPS INTERNATIONAL NV","url":"https:\/\/homefitness.be\/fr\/","logo":{"@type":"ImageObject","inLanguage":"fr-FR","@id":"https:\/\/homefitness.be\/fr\/#\/schema\/logo\/image\/","url":"https:\/\/homefitness.be\/wp-content\/uploads\/2024\/06\/VPS_logo2.jpg","contentUrl":"https:\/\/homefitness.be\/wp-content\/uploads\/2024\/06\/VPS_logo2.jpg","width":1801,"height":1801,"caption":"VPS INTERNATIONAL NV"},"image":{"@id":"https:\/\/homefitness.be\/fr\/#\/schema\/logo\/image\/"},"sameAs":["https:\/\/www.facebook.com\/vpsfitness","https:\/\/x.com\/vpsfitness","https:\/\/www.instagram.com\/homefitnessvps\/","https:\/\/www.linkedin.com\/in\/vpsfitness","https:\/\/www.youtube.com\/user\/frankvps"],"description":"VPS is een invoerder en verdeler van fitnessmateriaal en gevechtsportmateriaal. Wij verkopen zowel aan de professionele markt als aan de particulier. Wij zijn sinds 1983 actief in deze branche. VPS Fitness werd in 2017 officieel Gebrevetteerd Hofleverancier van Belgi\u00eb.","email":"info@vps.be","telephone":"+3252371162","legalName":"V.P.S. INTERNATIONAL NV","vatID":"BE0434827046"}]},"product_price_amount":"595.00","product_price_currency":"EUR","og_availability":"instock","product_availability":"instock","product_retailer_item_id":"VH020","product_condition":"new"},"_links":{"self":[{"href":"https:\/\/homefitness.be\/fr\/wp-json\/wp\/v2\/product\/31044","targetHints":{"allow":["GET"]}}],"collection":[{"href":"https:\/\/homefitness.be\/fr\/wp-json\/wp\/v2\/product"}],"about":[{"href":"https:\/\/homefitness.be\/fr\/wp-json\/wp\/v2\/types\/product"}],"replies":[{"embeddable":true,"href":"https:\/\/homefitness.be\/fr\/wp-json\/wp\/v2\/comments?post=31044"}],"version-history":[{"count":0,"href":"https:\/\/homefitness.be\/fr\/wp-json\/wp\/v2\/product\/31044\/revisions"}],"wp:featuredmedia":[{"embeddable":true,"href":"https:\/\/homefitness.be\/fr\/wp-json\/wp\/v2\/media\/31032"}],"wp:attachment":[{"href":"https:\/\/homefitness.be\/fr\/wp-json\/wp\/v2\/media?parent=31044"}],"wp:term":[{"taxonomy":"product_brand","embeddable":true,"href":"https:\/\/homefitness.be\/fr\/wp-json\/wp\/v2\/product_brand?post=31044"},{"taxonomy":"product_cat","embeddable":true,"href":"https:\/\/homefitness.be\/fr\/wp-json\/wp\/v2\/product_cat?post=31044"},{"taxonomy":"product_tag","embeddable":true,"href":"https:\/\/homefitness.be\/fr\/wp-json\/wp\/v2\/product_tag?post=31044"}],"curies":[{"name":"wp","href":"https:\/\/api.w.org\/{rel}","templated":true}]}}