{"id":21028,"date":"2020-10-28T13:18:23","date_gmt":"2020-10-28T13:18:24","guid":{"rendered":"https:\/\/homefitness.be\/?post_type=product&#038;p=21028"},"modified":"2025-07-01T15:34:13","modified_gmt":"2025-07-01T14:34:13","slug":"back-extension-bodysolid-phyp200x","status":"publish","type":"product","link":"https:\/\/homefitness.be\/fr\/back-extension-bodysolid-phyp200x\/","title":{"rendered":"Chaise Romaine 45\u00b0 Bodysolid PHYP200X"},"content":{"rendered":"<p>Dispositif d\u2019extension du dos ou dispositif d\u2019hyper extension de Bodysolid sans plaque de base et finition plus l\u00e9g\u00e8re que le GHYP345<br \/>\nSp\u00e9cialement con\u00e7u pour renforcer le bas du dos de mani\u00e8re s\u00fbre et confortable.<br \/>\nAngle d\u2019entra\u00eenement de 45\u00b0 pour donner un confort optimal pendant l\u2019exercice.<br \/>\nCela donne une meilleure sensation pendant l\u2019entra\u00eenement et \u00e9vite trop d\u2019\u00e9tirements.<br \/>\nCe banc hyper extension est enti\u00e8rement r\u00e9glable sur toutes les longueurs.<br \/>\nLe similicuir \u00e0 double couture et les coussins \u00e9pais offrent confort et soutien.<br \/>\nCet exercice est id\u00e9al pour entra\u00eener les muscles faibles du dos.<\/p>\n<p>Gr\u00e2ce \u00e0 cet appareil, les douleurs dans le bas du dos peuvent \u00eatre \u00e9vit\u00e9es.<br \/>\nDe larges repose-pieds garantissent la stabilit\u00e9 de l\u2019appareil.<br \/>\nId\u00e9al pour un usage domestique et commercial<\/p>\n","protected":false},"excerpt":{"rendered":"<p>Banc \u00e0 lombaired ou hyper extension de Body Solid. Sp\u00e9cialement con\u00e7u pour renforcer le bas du dos d&rsquo;une mani\u00e8re sure et confortable. L&rsquo;angle de 45\u00b0 vous offre un confort optimal pendant l&rsquo;exercice.<\/p>\n","protected":false},"featured_media":21032,"comment_status":"closed","ping_status":"closed","template":"","meta":{"_acf_changed":false,"ocean_post_layout":"","ocean_both_sidebars_style":"","ocean_both_sidebars_content_width":0,"ocean_both_sidebars_sidebars_width":0,"ocean_sidebar":"0","ocean_second_sidebar":"0","ocean_disable_margins":"enable","ocean_add_body_class":"","ocean_shortcode_before_top_bar":"","ocean_shortcode_after_top_bar":"","ocean_shortcode_before_header":"","ocean_shortcode_after_header":"","ocean_has_shortcode":"","ocean_shortcode_after_title":"","ocean_shortcode_before_footer_widgets":"","ocean_shortcode_after_footer_widgets":"","ocean_shortcode_before_footer_bottom":"","ocean_shortcode_after_footer_bottom":"","ocean_display_top_bar":"default","ocean_display_header":"default","ocean_header_style":"","ocean_center_header_left_menu":"0","ocean_custom_header_template":"0","ocean_custom_logo":0,"ocean_custom_retina_logo":0,"ocean_custom_logo_max_width":0,"ocean_custom_logo_tablet_max_width":0,"ocean_custom_logo_mobile_max_width":0,"ocean_custom_logo_max_height":0,"ocean_custom_logo_tablet_max_height":0,"ocean_custom_logo_mobile_max_height":0,"ocean_header_custom_menu":"0","ocean_menu_typo_font_family":"0","ocean_menu_typo_font_subset":"","ocean_menu_typo_font_size":0,"ocean_menu_typo_font_size_tablet":0,"ocean_menu_typo_font_size_mobile":0,"ocean_menu_typo_font_size_unit":"px","ocean_menu_typo_font_weight":"","ocean_menu_typo_font_weight_tablet":"","ocean_menu_typo_font_weight_mobile":"","ocean_menu_typo_transform":"","ocean_menu_typo_transform_tablet":"","ocean_menu_typo_transform_mobile":"","ocean_menu_typo_line_height":0,"ocean_menu_typo_line_height_tablet":0,"ocean_menu_typo_line_height_mobile":0,"ocean_menu_typo_line_height_unit":"","ocean_menu_typo_spacing":0,"ocean_menu_typo_spacing_tablet":0,"ocean_menu_typo_spacing_mobile":0,"ocean_menu_typo_spacing_unit":"","ocean_menu_link_color":"","ocean_menu_link_color_hover":"","ocean_menu_link_color_active":"","ocean_menu_link_background":"","ocean_menu_link_hover_background":"","ocean_menu_link_active_background":"","ocean_menu_social_links_bg":"","ocean_menu_social_hover_links_bg":"","ocean_menu_social_links_color":"","ocean_menu_social_hover_links_color":"","ocean_disable_title":"default","ocean_disable_heading":"default","ocean_post_title":"","ocean_post_subheading":"","ocean_post_title_style":"","ocean_post_title_background_color":"","ocean_post_title_background":0,"ocean_post_title_bg_image_position":"","ocean_post_title_bg_image_attachment":"","ocean_post_title_bg_image_repeat":"","ocean_post_title_bg_image_size":"","ocean_post_title_height":0,"ocean_post_title_bg_overlay":0.5,"ocean_post_title_bg_overlay_color":"","ocean_disable_breadcrumbs":"default","ocean_breadcrumbs_color":"","ocean_breadcrumbs_separator_color":"","ocean_breadcrumbs_links_color":"","ocean_breadcrumbs_links_hover_color":"","ocean_display_footer_widgets":"default","ocean_display_footer_bottom":"default","ocean_custom_footer_template":"0"},"product_brand":[],"product_cat":[1295,1303],"product_tag":[1318,1317,1000,1316,1321,1319],"class_list":{"0":"post-21028","1":"product","2":"type-product","3":"status-publish","4":"has-post-thumbnail","6":"product_cat-bancs-et-supports","7":"product_cat-homefitness-fr","8":"product_tag-chaise-lombaires-musculation","9":"product_tag-hyper-extension-fr","10":"product_tag-kine-fr","11":"product_tag-kine-fr-2","12":"product_tag-machine-a-lombaires-fr","13":"product_tag-muscles-dorsales-inferieures","14":"product_shipping_class-cardio","16":"entry","17":"has-media","19":"first","20":"instock","21":"taxable","22":"shipping-taxable","23":"purchasable","24":"product-type-simple","25":"has-product-nav","26":"col","27":"span_1_of_3","28":"owp-content-center","29":"owp-thumbs-layout-horizontal","30":"owp-btn-normal","31":"owp-tabs-layout-horizontal","32":"has-no-thumbnails"},"acf":[],"yoast_head":"<!-- This site is optimized with the Yoast SEO Premium plugin v27.2 (Yoast SEO v27.2) - https:\/\/yoast.com\/product\/yoast-seo-premium-wordpress\/ -->\n<title>Chaise Romaine 45\u00b0 Bodysolid PHYP200X - VPS Fitness<\/title>\n<meta name=\"description\" content=\"Chaise \u00e0 lombaires pour renforcer le bas du dos. Donnez \u00e0 votre dos l&#039;entrainement n\u00e9cessaire pour pr\u00e9venir les lombalgies.\" \/>\n<meta name=\"robots\" content=\"index, follow, max-snippet:-1, max-image-preview:large, max-video-preview:-1\" \/>\n<link rel=\"canonical\" href=\"https:\/\/homefitness.be\/fr\/back-extension-bodysolid-phyp200x\/\" \/>\n<meta property=\"og:locale\" content=\"fr_FR\" \/>\n<meta property=\"og:type\" content=\"article\" \/>\n<meta property=\"og:title\" content=\"Chaise Romaine 45\u00b0 Bodysolid PHYP200X\" \/>\n<meta property=\"og:description\" content=\"Chaise \u00e0 lombaires pour renforcer le bas du dos. Donnez \u00e0 votre dos l&#039;entrainement n\u00e9cessaire pour pr\u00e9venir les lombalgies.\" \/>\n<meta property=\"og:url\" content=\"https:\/\/homefitness.be\/fr\/back-extension-bodysolid-phyp200x\/\" \/>\n<meta property=\"og:site_name\" content=\"VPS Fitness\" \/>\n<meta property=\"article:publisher\" content=\"https:\/\/www.facebook.com\/vpsfitness\" \/>\n<meta property=\"article:modified_time\" content=\"2025-07-01T14:34:13+00:00\" \/>\n<meta property=\"og:image\" content=\"https:\/\/homefitness.be\/wp-content\/uploads\/2020\/10\/phyp200x.jpg\" \/>\n\t<meta property=\"og:image:width\" content=\"1000\" \/>\n\t<meta property=\"og:image:height\" content=\"1000\" \/>\n\t<meta property=\"og:image:type\" content=\"image\/jpeg\" \/>\n<meta name=\"twitter:card\" content=\"summary_large_image\" \/>\n<meta name=\"twitter:site\" content=\"@vpsfitness\" \/>\n<meta name=\"twitter:label1\" content=\"Prix\" \/>\n\t<meta name=\"twitter:data1\" content=\"&euro;325,00 Incl BTW\" \/>\n\t<meta name=\"twitter:label2\" content=\"Disponibilit\u00e9\" \/>\n\t<meta name=\"twitter:data2\" content=\"En stock\" \/>\n<script type=\"application\/ld+json\" class=\"yoast-schema-graph\">{\"@context\":\"https:\/\/schema.org\",\"@graph\":[{\"@type\":\"WebPage\",\"@id\":\"https:\/\/homefitness.be\/fr\/back-extension-bodysolid-phyp200x\/\",\"url\":\"https:\/\/homefitness.be\/fr\/back-extension-bodysolid-phyp200x\/\",\"name\":\"Chaise Romaine 45\u00b0 Bodysolid PHYP200X - VPS Fitness\",\"isPartOf\":{\"@id\":\"https:\/\/homefitness.be\/fr\/#website\"},\"primaryImageOfPage\":{\"@id\":\"https:\/\/homefitness.be\/fr\/back-extension-bodysolid-phyp200x\/#primaryimage\"},\"image\":{\"@id\":\"https:\/\/homefitness.be\/fr\/back-extension-bodysolid-phyp200x\/#primaryimage\"},\"thumbnailUrl\":\"https:\/\/homefitness.be\/wp-content\/uploads\/2020\/10\/phyp200x.jpg\",\"datePublished\":\"2020-10-28T13:18:24+00:00\",\"dateModified\":\"2025-07-01T14:34:13+00:00\",\"description\":\"Chaise \u00e0 lombaires pour renforcer le bas du dos. Donnez \u00e0 votre dos l'entrainement n\u00e9cessaire pour pr\u00e9venir les lombalgies.\",\"breadcrumb\":{\"@id\":\"https:\/\/homefitness.be\/fr\/back-extension-bodysolid-phyp200x\/#breadcrumb\"},\"inLanguage\":\"fr-FR\",\"potentialAction\":[{\"@type\":\"ReadAction\",\"target\":[\"https:\/\/homefitness.be\/fr\/back-extension-bodysolid-phyp200x\/\"]}]},{\"@type\":\"ImageObject\",\"inLanguage\":\"fr-FR\",\"@id\":\"https:\/\/homefitness.be\/fr\/back-extension-bodysolid-phyp200x\/#primaryimage\",\"url\":\"https:\/\/homefitness.be\/wp-content\/uploads\/2020\/10\/phyp200x.jpg\",\"contentUrl\":\"https:\/\/homefitness.be\/wp-content\/uploads\/2020\/10\/phyp200x.jpg\",\"width\":1000,\"height\":1000,\"caption\":\"Banc back extension pHYP200X Bodysolid\"},{\"@type\":\"BreadcrumbList\",\"@id\":\"https:\/\/homefitness.be\/fr\/back-extension-bodysolid-phyp200x\/#breadcrumb\",\"itemListElement\":[{\"@type\":\"ListItem\",\"position\":1,\"name\":\"Home\",\"item\":\"https:\/\/homefitness.be\/fr\/\"},{\"@type\":\"ListItem\",\"position\":2,\"name\":\"Magasin de Fitness\",\"item\":\"https:\/\/homefitness.be\/fr\/boutique\/\"},{\"@type\":\"ListItem\",\"position\":3,\"name\":\"Chaise Romaine 45\u00b0 Bodysolid PHYP200X\"}]},{\"@type\":\"WebSite\",\"@id\":\"https:\/\/homefitness.be\/fr\/#website\",\"url\":\"https:\/\/homefitness.be\/fr\/\",\"name\":\"VPS Fitness\",\"description\":\"Fitnessmateriaal en Toebehoren\",\"publisher\":{\"@id\":\"https:\/\/homefitness.be\/fr\/#organization\"},\"potentialAction\":[{\"@type\":\"SearchAction\",\"target\":{\"@type\":\"EntryPoint\",\"urlTemplate\":\"https:\/\/homefitness.be\/fr\/?s={search_term_string}\"},\"query-input\":{\"@type\":\"PropertyValueSpecification\",\"valueRequired\":true,\"valueName\":\"search_term_string\"}}],\"inLanguage\":\"fr-FR\"},{\"@type\":\"Organization\",\"@id\":\"https:\/\/homefitness.be\/fr\/#organization\",\"name\":\"VPS INTERNATIONAL NV\",\"url\":\"https:\/\/homefitness.be\/fr\/\",\"logo\":{\"@type\":\"ImageObject\",\"inLanguage\":\"fr-FR\",\"@id\":\"https:\/\/homefitness.be\/fr\/#\/schema\/logo\/image\/\",\"url\":\"https:\/\/homefitness.be\/wp-content\/uploads\/2024\/06\/VPS_logo2.jpg\",\"contentUrl\":\"https:\/\/homefitness.be\/wp-content\/uploads\/2024\/06\/VPS_logo2.jpg\",\"width\":1801,\"height\":1801,\"caption\":\"VPS INTERNATIONAL NV\"},\"image\":{\"@id\":\"https:\/\/homefitness.be\/fr\/#\/schema\/logo\/image\/\"},\"sameAs\":[\"https:\/\/www.facebook.com\/vpsfitness\",\"https:\/\/x.com\/vpsfitness\",\"https:\/\/www.instagram.com\/homefitnessvps\/\",\"https:\/\/www.linkedin.com\/in\/vpsfitness\",\"https:\/\/www.youtube.com\/user\/frankvps\"],\"description\":\"VPS is een invoerder en verdeler van fitnessmateriaal en gevechtsportmateriaal. Wij verkopen zowel aan de professionele markt als aan de particulier. Wij zijn sinds 1983 actief in deze branche. VPS Fitness werd in 2017 officieel Gebrevetteerd Hofleverancier van Belgi\u00eb.\",\"email\":\"info@vps.be\",\"telephone\":\"+3252371162\",\"legalName\":\"V.P.S. INTERNATIONAL NV\",\"vatID\":\"BE0434827046\"}]}<\/script>\n<meta property=\"product:price:amount\" content=\"325.00\" \/>\n<meta property=\"product:price:currency\" content=\"EUR\" \/>\n<meta property=\"og:availability\" content=\"instock\" \/>\n<meta property=\"product:availability\" content=\"instock\" \/>\n<meta property=\"product:retailer_item_id\" content=\"PHYP200X\" \/>\n<meta property=\"product:condition\" content=\"new\" \/>\n<!-- \/ Yoast SEO Premium plugin. -->","yoast_head_json":{"title":"Chaise Romaine 45\u00b0 Bodysolid PHYP200X - VPS Fitness","description":"Chaise \u00e0 lombaires pour renforcer le bas du dos. Donnez \u00e0 votre dos l'entrainement n\u00e9cessaire pour pr\u00e9venir les lombalgies.","robots":{"index":"index","follow":"follow","max-snippet":"max-snippet:-1","max-image-preview":"max-image-preview:large","max-video-preview":"max-video-preview:-1"},"canonical":"https:\/\/homefitness.be\/fr\/back-extension-bodysolid-phyp200x\/","og_locale":"fr_FR","og_type":"article","og_title":"Chaise Romaine 45\u00b0 Bodysolid PHYP200X","og_description":"Chaise \u00e0 lombaires pour renforcer le bas du dos. Donnez \u00e0 votre dos l'entrainement n\u00e9cessaire pour pr\u00e9venir les lombalgies.","og_url":"https:\/\/homefitness.be\/fr\/back-extension-bodysolid-phyp200x\/","og_site_name":"VPS Fitness","article_publisher":"https:\/\/www.facebook.com\/vpsfitness","article_modified_time":"2025-07-01T14:34:13+00:00","og_image":[{"width":1000,"height":1000,"url":"https:\/\/homefitness.be\/wp-content\/uploads\/2020\/10\/phyp200x.jpg","type":"image\/jpeg"}],"twitter_card":"summary_large_image","twitter_site":"@vpsfitness","twitter_misc":{"Prix":"&euro;325,00 Incl BTW","Disponibilit\u00e9":"En stock"},"schema":{"@context":"https:\/\/schema.org","@graph":[{"@type":"WebPage","@id":"https:\/\/homefitness.be\/fr\/back-extension-bodysolid-phyp200x\/","url":"https:\/\/homefitness.be\/fr\/back-extension-bodysolid-phyp200x\/","name":"Chaise Romaine 45\u00b0 Bodysolid PHYP200X - VPS Fitness","isPartOf":{"@id":"https:\/\/homefitness.be\/fr\/#website"},"primaryImageOfPage":{"@id":"https:\/\/homefitness.be\/fr\/back-extension-bodysolid-phyp200x\/#primaryimage"},"image":{"@id":"https:\/\/homefitness.be\/fr\/back-extension-bodysolid-phyp200x\/#primaryimage"},"thumbnailUrl":"https:\/\/homefitness.be\/wp-content\/uploads\/2020\/10\/phyp200x.jpg","datePublished":"2020-10-28T13:18:24+00:00","dateModified":"2025-07-01T14:34:13+00:00","description":"Chaise \u00e0 lombaires pour renforcer le bas du dos. Donnez \u00e0 votre dos l'entrainement n\u00e9cessaire pour pr\u00e9venir les lombalgies.","breadcrumb":{"@id":"https:\/\/homefitness.be\/fr\/back-extension-bodysolid-phyp200x\/#breadcrumb"},"inLanguage":"fr-FR","potentialAction":[{"@type":"ReadAction","target":["https:\/\/homefitness.be\/fr\/back-extension-bodysolid-phyp200x\/"]}]},{"@type":"ImageObject","inLanguage":"fr-FR","@id":"https:\/\/homefitness.be\/fr\/back-extension-bodysolid-phyp200x\/#primaryimage","url":"https:\/\/homefitness.be\/wp-content\/uploads\/2020\/10\/phyp200x.jpg","contentUrl":"https:\/\/homefitness.be\/wp-content\/uploads\/2020\/10\/phyp200x.jpg","width":1000,"height":1000,"caption":"Banc back extension pHYP200X Bodysolid"},{"@type":"BreadcrumbList","@id":"https:\/\/homefitness.be\/fr\/back-extension-bodysolid-phyp200x\/#breadcrumb","itemListElement":[{"@type":"ListItem","position":1,"name":"Home","item":"https:\/\/homefitness.be\/fr\/"},{"@type":"ListItem","position":2,"name":"Magasin de Fitness","item":"https:\/\/homefitness.be\/fr\/boutique\/"},{"@type":"ListItem","position":3,"name":"Chaise Romaine 45\u00b0 Bodysolid PHYP200X"}]},{"@type":"WebSite","@id":"https:\/\/homefitness.be\/fr\/#website","url":"https:\/\/homefitness.be\/fr\/","name":"VPS Fitness","description":"Fitnessmateriaal en Toebehoren","publisher":{"@id":"https:\/\/homefitness.be\/fr\/#organization"},"potentialAction":[{"@type":"SearchAction","target":{"@type":"EntryPoint","urlTemplate":"https:\/\/homefitness.be\/fr\/?s={search_term_string}"},"query-input":{"@type":"PropertyValueSpecification","valueRequired":true,"valueName":"search_term_string"}}],"inLanguage":"fr-FR"},{"@type":"Organization","@id":"https:\/\/homefitness.be\/fr\/#organization","name":"VPS INTERNATIONAL NV","url":"https:\/\/homefitness.be\/fr\/","logo":{"@type":"ImageObject","inLanguage":"fr-FR","@id":"https:\/\/homefitness.be\/fr\/#\/schema\/logo\/image\/","url":"https:\/\/homefitness.be\/wp-content\/uploads\/2024\/06\/VPS_logo2.jpg","contentUrl":"https:\/\/homefitness.be\/wp-content\/uploads\/2024\/06\/VPS_logo2.jpg","width":1801,"height":1801,"caption":"VPS INTERNATIONAL NV"},"image":{"@id":"https:\/\/homefitness.be\/fr\/#\/schema\/logo\/image\/"},"sameAs":["https:\/\/www.facebook.com\/vpsfitness","https:\/\/x.com\/vpsfitness","https:\/\/www.instagram.com\/homefitnessvps\/","https:\/\/www.linkedin.com\/in\/vpsfitness","https:\/\/www.youtube.com\/user\/frankvps"],"description":"VPS is een invoerder en verdeler van fitnessmateriaal en gevechtsportmateriaal. Wij verkopen zowel aan de professionele markt als aan de particulier. Wij zijn sinds 1983 actief in deze branche. VPS Fitness werd in 2017 officieel Gebrevetteerd Hofleverancier van Belgi\u00eb.","email":"info@vps.be","telephone":"+3252371162","legalName":"V.P.S. INTERNATIONAL NV","vatID":"BE0434827046"}]},"product_price_amount":"325.00","product_price_currency":"EUR","og_availability":"instock","product_availability":"instock","product_retailer_item_id":"PHYP200X","product_condition":"new"},"_links":{"self":[{"href":"https:\/\/homefitness.be\/fr\/wp-json\/wp\/v2\/product\/21028","targetHints":{"allow":["GET"]}}],"collection":[{"href":"https:\/\/homefitness.be\/fr\/wp-json\/wp\/v2\/product"}],"about":[{"href":"https:\/\/homefitness.be\/fr\/wp-json\/wp\/v2\/types\/product"}],"replies":[{"embeddable":true,"href":"https:\/\/homefitness.be\/fr\/wp-json\/wp\/v2\/comments?post=21028"}],"version-history":[{"count":1,"href":"https:\/\/homefitness.be\/fr\/wp-json\/wp\/v2\/product\/21028\/revisions"}],"predecessor-version":[{"id":35019,"href":"https:\/\/homefitness.be\/fr\/wp-json\/wp\/v2\/product\/21028\/revisions\/35019"}],"wp:featuredmedia":[{"embeddable":true,"href":"https:\/\/homefitness.be\/fr\/wp-json\/wp\/v2\/media\/21032"}],"wp:attachment":[{"href":"https:\/\/homefitness.be\/fr\/wp-json\/wp\/v2\/media?parent=21028"}],"wp:term":[{"taxonomy":"product_brand","embeddable":true,"href":"https:\/\/homefitness.be\/fr\/wp-json\/wp\/v2\/product_brand?post=21028"},{"taxonomy":"product_cat","embeddable":true,"href":"https:\/\/homefitness.be\/fr\/wp-json\/wp\/v2\/product_cat?post=21028"},{"taxonomy":"product_tag","embeddable":true,"href":"https:\/\/homefitness.be\/fr\/wp-json\/wp\/v2\/product_tag?post=21028"}],"curies":[{"name":"wp","href":"https:\/\/api.w.org\/{rel}","templated":true}]}}